{"id":791,"date":"2025-09-22T00:08:27","date_gmt":"2025-09-21T22:08:27","guid":{"rendered":"https:\/\/www.horeca.gmbh\/?product=liebherr-bfpsvh-6501-perfection-baeckereigefrierschrank-mit-umluftkuehlung"},"modified":"2025-09-22T00:08:28","modified_gmt":"2025-09-21T22:08:28","slug":"liebherr-bfpsvh-6501-perfection-baeckereigefrierschrank-mit-umluftkuehlung","status":"publish","type":"product","link":"https:\/\/www.horeca.gmbh\/?product=liebherr-bfpsvh-6501-perfection-baeckereigefrierschrank-mit-umluftkuehlung","title":{"rendered":"Liebherr BFPSvh 6501 Perfection B\u00e4ckereigefrierschrank mit Umluftk\u00fchlung"},"content":{"rendered":"<p>Liebherr BFPSvh 6501 Perfection B\u00e4ckereigefrierschrank mit Umluftk\u00fchlung Dieser B\u00e4ckerei-Gefrierschrank ist der perfekte Partner in jeder professionellen Backstube. Er ist robust gegen\u00fcber den Umgebungsbedingungen, aber sanft zu den empfindlichen Waren: Teig und Geb\u00e4ck werden schonend eingefroren und lagern bei pr\u00e4zise eingestellter Temperatur. Geeignet f\u00fcr Euronorm-BackblechePassen perfekt rein, gehen leicht wieder raus: Euronorm-Backbleche lassen sich auf den robusten L-f\u00f6rmigen Auflageschienen optimal platzieren und einfach wieder entnehmen. Schlie\u00dflich wurde jedes B\u00e4ckerei-Ger\u00e4t von Liebherr explizit f\u00fcr die Verwendung standardisierter Backbleche entwickelt. Abnehmbare RastenleistenKeine Chance f\u00fcr Mehlstaub und Co: Die Rastenleisten lassen sich einfach und ohne Werkzeug herausnehmen und wieder anbringen. Das macht die Reinigung der Leisten und des glatten Innenbeh\u00e4lters besonders einfach und l\u00e4sst Schmutzfugen gar nicht erst entstehen. NoFrostMit professionellen B\u00e4kereiger\u00e4ten von Liebherr ist kein Abtauen mehr n\u00f6tig. Auftretende Feuchtigkeit wird durch die Umluftk\u00fchlung gebunden, zyklische Abtauphasen vertreiben selbst letzte Feuchtepartikel aus dem Innenraum &#8211; f\u00fcr eine komfortable, sichere und eisfreie Lagerung. Integrierte WiFi-\/LAN-Schnittstelle\u00dcber die WiFi-\/LAN-Schnittstelle vernetzen Sie Ihre Ger\u00e4te m\u00fchelos mit dem SmartMonitoring von Liebherr oder verbinden diese mit lokalen, bestehenden Systemen. Nachr\u00fcstbare WiFi\/LAN-SchnittstelleSo einfach wird ein Liebherr vernetzbar: Mit der nachr\u00fcstbaren WiFi- und LAN-Schnittstelle lassen sich Ger\u00e4te m\u00fchelos mit externen Systemen verbinden, etwa mit SmartMonitoring von Liebherr. Mit der digitalen Monitoring-L\u00f6sung wird die Lagertemperatur kontrolliert und dokumentiert\u00a0 \u2013 bequem und sicher \u00fcber die nachtr\u00e4glich eingerichtete Schnittstelle. Stromausfall-InfoWurde aufgrund einer St\u00f6rung die Stromversorgung unterbrochen, tritt bei Netz-Wiederkehr die Stromausfall-Info in Erscheinung. Sie meldet, dass das Ger\u00e4t zwischenzeitlich ohne Strom war und welche Maximaltemperatur w\u00e4hrenddessen erreicht wurde. So k\u00f6nnen Sie einsch\u00e4tzen, ob aufgrund des Stromausfalls mit einem Qualit\u00e4tsverlust zu rechnen ist. BodenablaufPerfekte Hygiene leicht gemacht: Der integrierte Bodenablauf im Liebherrger\u00e4t erm\u00f6glicht Ihnen eine komfortable Reinigung in gro\u00dfen Radien. Wasser l\u00e4uft einfach ab und Ihr Ger\u00e4t ist schnell wieder sauber. Selbstschlie\u00dfende T\u00fcr < 90\u00b0 \/ T\u00fcr-Schlie\u00dfautomatik unter 90\u00b0Komfort bei Routinearbeiten, Sicherheit bei Unachtsamkeit: Ab ca. 90\u00b0 \u00d6ffnungswinkel bleibt die Ger\u00e4tet\u00fcr ge\u00f6ffnet und erleichtert das Be- und Entladen sowie die Reinigung. Unter ca. 90\u00b0 schlie\u00dft sie von selbst, damit das Ger\u00e4t nicht versehentlich offen steht. So bleibt die Temperatur stabil und die Qualit\u00e4t Ihrer eingelagerten Lebensmittel bewahrt. \u00dcbersichtliche Ger\u00e4teinformationenSollten sofort da sein, wenn man sie braucht: alle Informationen zum Ger\u00e4t. Deshalb tr\u00e4gt jeder Liebherr seine Serien- und Servicenummer sowie die Modellbezeichnung schnell ablesbar auf dem Display. Nerviges Suchen oder sogar das Freir\u00e4umen des Innenraums zum Ablesen ist damit pass\u00e9. Erf\u00fcllung der DIN EN 60335 zur Ger\u00e4tesicherheitZus\u00e4tzlich zur gesetzlich vorgeschriebenen CE-Kennzeichnung werden alle sicherheitstechnisch relevanten Bereiche, vom Usermanual bis zum Ger\u00e4t von einem externen unabh\u00e4ngigen Pr\u00fcflabor evaluiert und gepr\u00fcft. Damit erhalten Sie die bestm\u00f6gliche Produktsicherheit. BodenablaufSparen Sie Zeit und Geld: Die steckbaren T\u00fcrdichtungen von Liebherr k\u00f6nnen problemlos ausgetauscht werden. Ist eine Dichtung besch\u00e4digt, k\u00f6nnen Sie sie ganz ohne Werkzeug selbst ersetzen. MotorraumblendeDie Motorraumblende mit integrierter Elektronik sowie die T\u00fcr sind fugenlos ausgef\u00fchrt und dadurch besonders leicht zu reinigen. DisplaysperreUm versehentliche Einstellungen zu vermeiden, kann das Benutzermen\u00fc gesperrt werden. Akustische Alarme lassen sich auch bei aktivierter Sperrfunktion quittieren. So sind n\u00f6tige Eingaben dennoch m\u00f6glich \u2013 und ungewollte ausgeschlossen. F\u00fcr mehr Sicherheit im Umgang mit Ihrem Liebherr-Ger\u00e4t. MehlstaubfilterDer Mehlstaubfilter sch\u00fctzt die k\u00e4ltetechnischen Komponenten vor Staubablagerung, beispielsweise durch bemehlte Teiglinge und gew\u00e4hrleistet einen nahezu wartungsfreien Einsatz. Nach dem Einbau kann die integrierte Metallfiltermatte ohne Werkzeug entnommen und ges\u00e4ubert werden. Reinigung im Geschirrsp\u00fcler bei 50 \u00b0C m\u00f6glich. Lebensmittelechter InnenraumAlle in den Liebherr-Ger\u00e4ten f\u00fcr Gastronomie und B\u00e4ckerei verwendeten Materialien sind lebensmittelecht und eignen sich damit optimal f\u00fcr die Lagerung unverpackter Lebensmittel. Reminder-FunktionF\u00e4lligkeit der n\u00e4chsten Grundreinigung oder j\u00e4hrlicher Service \u2013 der Intervall-Timer erinnert daran. Dabei l\u00e4sst sich das Intervall in vordefinierten Abst\u00e4nden ausw\u00e4hlen und direkt am Ger\u00e4t einstellen. Und der Kopf bleibt frei f\u00fcr Ihre anspruchsvolle Arbeit. Mechanisches SchlossAlle professionellen Liebherr-Ger\u00e4te f\u00fcr Gastronomie und B\u00e4ckerei sind mit einem mechanischen Schloss mit zwei Schl\u00fcsseln ausgestattet. So k\u00f6nnen Sie sicher sein, dass keine unbefugten H\u00e4nde Zugriff auf Ihr eingelagertes Gut erhalten Side-by-Side SetDas Zubeh\u00f6r-Kit bietet eine saubere und sichere L\u00f6sung, um mehrere Ger\u00e4te in einer Reihe aufzustellen. \u00dcber eine Profilschiene werden die Ger\u00e4te fest miteinander verbunden, so dass sie nicht verrutschen k\u00f6nnen und eine nahtlose Front bilden. Die Fixierung garantiert zudem den empfohlenen Abstand und verhindert eine Kondensation zwischen den Ger\u00e4ten. Edelstahl innen und au\u00dfenDas Au\u00dfengeh\u00e4use ist mit einteiligen Seitenw\u00e4nden ohne Spalte ausgef\u00fchrt und daher sehr hygienisch und pflegeleicht. Edelstahl ist ein rostfreier, legierter Stahl und besonders robust; ideal f\u00fcr die Anforderung im professionellen Bereich. Ultra-efficientStetig steigende Strompreise erh\u00f6hen die Anforderungen an die Effizienz von K\u00fchl- und Gefrierger\u00e4ten. Vom Kompressor \u00fcber die Dichtung bis zur Beleuchtung und Elektronik sch\u00f6pft Liebherr das Einsparpotenzial aller Komponenten voll aus. Das Ergebnis kann sich sehen lassen \u2013 vor allem auf Ihrer Gesamtbetriebskostenrechnung. 15 Jahre Ersatzteilverf\u00fcgbarkeitDie Liebherr-Hausger\u00e4te GmbH unterst\u00fctzt mit einem kundenorientierten Schritt die Lebensdauer Ihrer hochwertigen Ger\u00e4te: Die Ersatzteilverf\u00fcgbarkeit wird 15 Jahre nach Produktionsende des jeweiligen Modells ausgeweitet. Dies gilt f\u00fcr alle Funktionsteile und lagerf\u00e4higen Teile der Ausstattung. R\u00fcckwirkend sichert Liebherr-Hausger\u00e4te diese Serviceleistung bereits f\u00fcr alle Ger\u00e4te zu, die seit dem 1.1.2021 produziert wurden. Stabile LenkrollenMit nachr\u00fcstbaren Rollen bleiben Liebherr-Profi-Ger\u00e4te maximal mobil. So k\u00f6nnen Sie den Aufstellort jederzeit ver\u00e4ndern oder das Ger\u00e4t f\u00fcr eine leichtere Reinigung einfach verschieben. Wechselbarer T\u00fcranschlagLiebherr-Profi-Ger\u00e4te sind werksseitig mit rechtem T\u00fcranschlag ausgestattet. Ohne gro\u00dfen Aufwand \u2013 und vor allem ohne zus\u00e4tzliche Teile \u2013 kann der T\u00fcranschlag auf links gewechselt werden. So bleiben Sie maximal flexibel in der Wahl Ihres Aufstellorts. 15 Jahre KomponentenauslegungNachhaltig hei\u00dft nicht nur sparsam, sondern auch langlebig. Hochwertige Materialien in solider Verarbeitung, gepaart mit mindestens 10 Jahren Ersatzteilverf\u00fcgbarkeit nach Produktionsstopp, machen ein Liebherr-Ger\u00e4t zu einer robusten, zuverl\u00e4ssigen und \u00fcberaus langj\u00e4hrigen Spitzenkraft im fordernden Arbeitsalltag. DemomodusF\u00fcr Schulungszwecke oder Ausstellungen lassen sich die Funktionalit\u00e4ten des Ger\u00e4ts im Demomodus simulieren, ohne das Ger\u00e4t dabei in Betrieb nehmen zu m\u00fcssen. Dies spart Zeit und Geld, da die K\u00fchlfunktion nicht ben\u00f6tigt wird. Energielabel gem. EU-Richtlinie 2015\/1094Top-Energieeffizienz auf einen Blick: Das Energielabel zeigt an, wie sparsam professionelle Liebherr-Ger\u00e4te sind. Dieser geringe Energieverbrauch macht sich auch in minimalen Gesamtbetriebskosten bemerkbar. Verborgenes Kundenmen\u00fcGesch\u00fctzt, sicher, simpel: \u00dcber das verborgene Kundenmen\u00fc erhalten Nutzer Statusinformationen zum Ger\u00e4t oder k\u00f6nnen detaillierte Ger\u00e4teeinstellungen vornehmen wie das Zur\u00fccksetzen auf Werkseinstellung. Da diese Informationen und Einstellungen auf einer separaten, Code-gesch\u00fctzten Men\u00fc-Ebene stattfinden, werden ungewollte \u00c4nderungen oder Manipulation vermieden. Individuelle Schl\u00f6sserDas Zubeh\u00f6r f\u00fcr extra Sicherheit: Zu jedem professionellen Ger\u00e4t sind f\u00fcnf verschiedene Schl\u00f6sser mit Schl\u00fcssel verf\u00fcgbar. So erh\u00e4lt lediglich autorisiertes Personal Zugang zu Ihrem K\u00fchl- oder Gefrierschrank \u2013 und Ihr wertvolles Gut ist jederzeit vor unbefugtem Zugriff gesch\u00fctzt. WartungsfreiSpart Zeit, Nerven und Kosten: Professionelle Liebherr-Standger\u00e4te arbeiten ohne Filter oder andere regelm\u00e4\u00dfig zu wechselnde Komponenten und wartungsintensive Teile. Lediglich Reinigen nach Ihren individuellen Bed\u00fcrfnissen ist regelm\u00e4\u00dfig n\u00f6tig. Erf\u00fcllung der DIN EN 60335 zur Ger\u00e4tesicherheitZus\u00e4tzlich zur gesetzlich vorgeschriebenen CE-Kennzeichnung werden alle sicherheitstechnisch relevanten Bereiche, vom Usermanual bis zum Ger\u00e4t von einem externen unabh\u00e4ngigen Pr\u00fcflabor evaluiert und gepr\u00fcft. Damit erhalten Sie die bestm\u00f6gliche Produktsicherheit. Side-by-Side-SetDas Zubeh\u00f6r-Kit bietet eine saubere und sichere L\u00f6sung, um mehrere Ger\u00e4te in einer Reihe aufzustellen. \u00dcber eine Profilschiene werden die Ger\u00e4te fest miteinander verbunden, so dass sie nicht verrutschen k\u00f6nnen und eine nahtlose Front bilden. Die Fixierung garantiert zudem den empfohlenen Abstand und verhindert eine Kondensation zwischen den Ger\u00e4ten. SuperFrostSie m\u00f6chten Ihre frischen Lebensmittel vitaminschonend einfrieren? Aktivieren Sie einfach SuperFrost \u2013 schon erh\u00f6ht das Gefrierteil seine K\u00e4lteleistung. So bleibt die Temperatur konstant, wenn Sie ungefrorene Lebensmittel hineinlegen. SuperFrost ist zugleich energiesparend: Falls Sie die Funktion nicht manuell abschalten, deaktiviert sie sich automatisch nach 65 Stunden.\n<\/p>\n","protected":false},"excerpt":{"rendered":"<p>Liebherr BFPSvh 6501 Perfection B\u00e4ckereigefrierschrank mit Umluftk\u00fchlung Dieser B\u00e4ckerei-Gefrierschrank ist der perfekte Partner in jeder professionellen Backstube. Er ist robust gegen\u00fcber den Umgebungsbedingungen, aber sanft zu den empfindlichen Waren: Teig und Geb\u00e4ck werden schonend eingefroren und lagern bei pr\u00e4zise eingestellter Temperatur. Geeignet f\u00fcr Euronorm-BackblechePassen perfekt rein, gehen leicht wieder raus: Euronorm-Backbleche lassen sich auf den [&hellip;]<\/p>\n","protected":false},"featured_media":790,"template":"","meta":[],"product_brand":[37],"product_cat":[44],"product_tag":[],"class_list":{"0":"post-791","1":"product","2":"type-product","3":"status-publish","4":"has-post-thumbnail","6":"product_brand-liebherr","7":"product_cat-baeckereikuehlschraenke","9":"first","10":"instock","11":"shipping-taxable","12":"product-type-external"},"_links":{"self":[{"href":"https:\/\/www.horeca.gmbh\/index.php?rest_route=\/wp\/v2\/product\/791","targetHints":{"allow":["GET"]}}],"collection":[{"href":"https:\/\/www.horeca.gmbh\/index.php?rest_route=\/wp\/v2\/product"}],"about":[{"href":"https:\/\/www.horeca.gmbh\/index.php?rest_route=\/wp\/v2\/types\/product"}],"wp:featuredmedia":[{"embeddable":true,"href":"https:\/\/www.horeca.gmbh\/index.php?rest_route=\/wp\/v2\/media\/790"}],"wp:attachment":[{"href":"https:\/\/www.horeca.gmbh\/index.php?rest_route=%2Fwp%2Fv2%2Fmedia&parent=791"}],"wp:term":[{"taxonomy":"product_brand","embeddable":true,"href":"https:\/\/www.horeca.gmbh\/index.php?rest_route=%2Fwp%2Fv2%2Fproduct_brand&post=791"},{"taxonomy":"product_cat","embeddable":true,"href":"https:\/\/www.horeca.gmbh\/index.php?rest_route=%2Fwp%2Fv2%2Fproduct_cat&post=791"},{"taxonomy":"product_tag","embeddable":true,"href":"https:\/\/www.horeca.gmbh\/index.php?rest_route=%2Fwp%2Fv2%2Fproduct_tag&post=791"}],"curies":[{"name":"wp","href":"https:\/\/api.w.org\/{rel}","templated":true}]}}