{"id":725,"date":"2025-09-22T00:08:12","date_gmt":"2025-09-21T22:08:12","guid":{"rendered":"https:\/\/www.horeca.gmbh\/?product=liebherr-frpsvg-6511-performance-kuehlschrank-gn-2-1-mit-umluftkuehlung"},"modified":"2025-09-22T00:08:13","modified_gmt":"2025-09-21T22:08:13","slug":"liebherr-frpsvg-6511-performance-kuehlschrank-gn-2-1-mit-umluftkuehlung","status":"publish","type":"product","link":"https:\/\/www.horeca.gmbh\/?product=liebherr-frpsvg-6511-performance-kuehlschrank-gn-2-1-mit-umluftkuehlung","title":{"rendered":"Liebherr FRPSvg 6511 Performance K\u00fchlschrank GN 2\/1 mit Umluftk\u00fchlung"},"content":{"rendered":"<p>Liebherr FRPSvg 6511 Performance K\u00fchlschrank GN 2\/1 mit Umluftk\u00fchlung Dieser Gastro-K\u00fchlschrank sorgt dank des effizienten K\u00e4ltesystems f\u00fcr zuverl\u00e4ssige Leistung bei niedrigem Energieverbrauch. Und der Innenraum bietet mit seinen h\u00f6henverstellbaren Rosten viel flexiblen Platz \u2013\u00a0so lagern Lebensmittel sicher und \u00fcbersichtlich. Edelstahl innen und au\u00dfenWo Lebensmittel gelagert werden, hat Hygiene oberste Priorit\u00e4t. Daher ist der tiefgezogene Gastronorm-2\/1-Innenbeh\u00e4lter aus hygienefreundlichem Edelstahl und verzichtet auf umst\u00e4ndlich zu reinigende Funktionsteile. Auch die spaltenlosen Edelstahl-Seitenw\u00e4nde des Au\u00dfengeh\u00e4uses mit Isolationsschicht sind besonders leicht zu s\u00e4ubern. K\u00fchl- und Gefrierger\u00e4te GN 2\/1 aus Edelstahl sind innen und au\u00dfen strahlwasserbest\u00e4ndig nach IPX5. LED-DeckenbeleuchtungSelbst bei dunkler Umgebung sorgt die LED-Deckenbeleuchtung f\u00fcr eine gute Ausleuchtung des Innenraums. Durch den optimalen \u00dcberblick ist die gew\u00fcnschte Ware sofort zur Hand, die T\u00fcr schnell wieder geschlossen und die Innentemperatur stabil. Das erspart Ihnen l\u00e4stiges Suchen \u2013 und vor allem auch Energiekosten. Nachr\u00fcstbare WiFi\/LAN-SchnittstelleSo einfach wird ein Liebherr vernetzbar: Mit der nachr\u00fcstbaren WiFi- und LAN-Schnittstelle lassen sich Ger\u00e4te m\u00fchelos mit externen Systemen verbinden, etwa mit SmartMonitoring von Liebherr. Mit der digitalen Monitoring-L\u00f6sung wird die Lagertemperatur kontrolliert und dokumentiert\u00a0 \u2013 bequem und sicher \u00fcber die nachtr\u00e4glich eingerichtete Schnittstelle. Stromausfall-InfoWurde aufgrund einer St\u00f6rung die Stromversorgung unterbrochen, tritt bei Netz-Wiederkehr die Stromausfall-Info in Erscheinung. Sie meldet, dass das Ger\u00e4t zwischenzeitlich ohne Strom war und welche Maximaltemperatur w\u00e4hrenddessen erreicht wurde. So k\u00f6nnen Sie einsch\u00e4tzen, ob aufgrund des Stromausfalls mit einem Qualit\u00e4tsverlust zu rechnen ist. \u00dcbersichtliche Ger\u00e4teinformationenSollten sofort da sein, wenn man sie braucht: alle Informationen zum Ger\u00e4t. Deshalb tr\u00e4gt jeder Liebherr seine Serien- und Servicenummer sowie die Modellbezeichnung schnell ablesbar auf dem Display. Nerviges Suchen oder sogar das Freir\u00e4umen des Innenraums zum Ablesen ist damit pass\u00e9. Erf\u00fcllung der DIN EN 60335 zur Ger\u00e4tesicherheitZus\u00e4tzlich zur gesetzlich vorgeschriebenen CE-Kennzeichnung werden alle sicherheitstechnisch relevanten Bereiche, vom Usermanual bis zum Ger\u00e4t von einem externen unabh\u00e4ngigen Pr\u00fcflabor evaluiert und gepr\u00fcft. Damit erhalten Sie die bestm\u00f6gliche Produktsicherheit. Leicht zugangliche K\u00e4ltekomponentenDie K\u00e4ltekomponenten sind leicht zug\u00e4nglich im oberen Bereich des Maschinenraums integriert, wodurch sich der Nutzinhalt des Innenraums deutlich erh\u00f6ht. Bei eventuellen Servicearbeiten wird die Vorderseite einfach nach oben aufgeklappt. Ab einem \u00d6ffnungswinkel von 45\u00b0 kann sie vollst\u00e4ndig ausgeh\u00e4ngt werden. DisplaysperreUm versehentliche Einstellungen zu vermeiden, kann das Benutzermen\u00fc gesperrt werden. Akustische Alarme lassen sich auch bei aktivierter Sperrfunktion quittieren. So sind n\u00f6tige Eingaben dennoch m\u00f6glich \u2013 und ungewollte ausgeschlossen. F\u00fcr mehr Sicherheit im Umgang mit Ihrem Liebherr-Ger\u00e4t. Elektronik mit integrierter TemperaturaufzeichnungDie leicht zu bedienende Touch-Elektronik steuert die energiesparende Abtaufunktion nach dem tats\u00e4chlichen Bedarf. Der integrierte Datenlogger registriert und speichert die minimal und maximal aufgetretene Innenraumtemperatur f\u00fcr die HACCP-konforme Dokumentation. BodenablaufPerfekte Hygiene leicht gemacht: Der integrierte Bodenablauf im Liebherr-Gastroger\u00e4t erm\u00f6glicht Ihnen eine komfortable Reinigung in gro\u00dfen Radien. Wasser l\u00e4uft einfach ab und Ihr Ger\u00e4t ist schnell wieder sauber. Lebensmittelechter InnenraumAlle Materialien in einem Liebherr-Ger\u00e4t f\u00fcr Gastronomie und B\u00e4ckerei sind lebensmittelecht und zur Lagerung unverpackter Lebensmittel geeignet. GN-Beh\u00e4lter kompatibelLiebherr-K\u00fchlger\u00e4te f\u00fcr die Gastronomie sind generell f\u00fcr die Verwendung von Gastronorm- Beh\u00e4ltnissen ausgelegt. Somit passt jeder bisher genutzte Standardbeh\u00e4lter auch in Ihren neuen Liebherr. Reminder-FunktionF\u00e4lligkeit der n\u00e4chsten Grundreinigung oder j\u00e4hrlicher Service \u2013 der Intervall-Timer erinnert daran. Dabei l\u00e4sst sich das Intervall in vordefinierten Abst\u00e4nden ausw\u00e4hlen und direkt am Ger\u00e4t einstellen. Und der Kopf bleibt frei f\u00fcr Ihre anspruchsvolle Arbeit. Mechanisches SchlossAlle professionellen Liebherr-Ger\u00e4te f\u00fcr Gastronomie und B\u00e4ckerei sind mit einem mechanischen Schloss mit zwei Schl\u00fcsseln ausgestattet. So k\u00f6nnen Sie sicher sein, dass keine unbefugten H\u00e4nde Zugriff auf Ihr eingelagertes Gut erhalten Selbstschlie\u00dfende T\u00fcr < 90\u00b0 \/ T\u00fcr-Schlie\u00dfautomatik unter 90\u00b0Komfort bei Routinearbeiten, Sicherheit bei Unachtsamkeit: Ab ca. 90\u00b0 \u00d6ffnungswinkel bleibt die Ger\u00e4tet\u00fcr ge\u00f6ffnet und erleichtert das Be- und Entladen sowie die Reinigung. Unter ca. 90\u00b0 schlie\u00dft sie von selbst, damit das Ger\u00e4t nicht versehentlich offen steht. So bleibt die Temperatur stabil und die Qualit\u00e4t Ihrer eingelagerten Lebensmittel bewahrt. Side-by-Side-SetDas Zubeh\u00f6r-Kit bietet eine saubere und sichere L\u00f6sung, um mehrere Ger\u00e4te in einer Reihe aufzustellen. \u00dcber eine Profilschiene werden die Ger\u00e4te fest miteinander verbunden, so dass sie nicht verrutschen k\u00f6nnen und eine nahtlose Front bilden. Die Fixierung garantiert zudem den empfohlenen Abstand und verhindert eine Kondensation zwischen den Ger\u00e4ten. SmartMonitoringDie digitale Monitoring-L\u00f6sung von Liebherr kontrolliert und dokumentiert zuverl\u00e4ssig die Lagertemperatur und alarmiert Sie umgehend bei Abweichungen. F\u00fcr maximal sicheres K\u00fchlen und Gefrieren und optimalen Schutz Ihres wertvollen Inhalts. Temperaturbereich +1 \u00b0C\/+15 \u00b0CLiebherr-Ger\u00e4te f\u00fcr Gastronomie und B\u00e4ckerei \u00fcberzeugen im Bereich zwischen +1 \u00b0C und +15 \u00b0C durch eine stabile Lagertemperatur \u2013 f\u00fcr lange frische und leckere Lebensmittel. Ultra-efficientStetig steigende Strompreise erh\u00f6hen die Anforderungen an die Effizienz von K\u00fchl- und Gefrierger\u00e4ten. Vom Kompressor \u00fcber die Dichtung bis zur Beleuchtung und Elektronik sch\u00f6pft Liebherr das Einsparpotenzial aller Komponenten voll aus. Das Ergebnis kann sich sehen lassen \u2013 vor allem auf Ihrer Gesamtbetriebskostenrechnung. 15 Jahre Ersatzteilverf\u00fcgbarkeitDie Liebherr-Hausger\u00e4te GmbH unterst\u00fctzt mit einem kundenorientierten Schritt die Lebensdauer Ihrer hochwertigen Ger\u00e4te: Die Ersatzteilverf\u00fcgbarkeit wird 15 Jahre nach Produktionsende des jeweiligen Modells ausgeweitet. Dies gilt f\u00fcr alle Funktionsteile und lagerf\u00e4higen Teile der Ausstattung. R\u00fcckwirkend sichert Liebherr-Hausger\u00e4te diese Serviceleistung bereits f\u00fcr alle Ger\u00e4te zu, die seit dem 1.1.2021 produziert wurden. Stabile LenkrollenMit nachr\u00fcstbaren Rollen bleiben Liebherr-Profi-Ger\u00e4te maximal mobil. So k\u00f6nnen Sie den Aufstellort jederzeit ver\u00e4ndern oder das Ger\u00e4t f\u00fcr eine leichtere Reinigung einfach verschieben. Wechselbarer T\u00fcranschlagLiebherr-Profi-Ger\u00e4te sind werksseitig mit rechtem T\u00fcranschlag ausgestattet. Ohne gro\u00dfen Aufwand \u2013 und vor allem ohne zus\u00e4tzliche Teile \u2013 kann der T\u00fcranschlag auf links gewechselt werden. So bleiben Sie maximal flexibel in der Wahl Ihres Aufstellorts. 15 Jahre KomponentenauslegungNachhaltig hei\u00dft nicht nur sparsam, sondern auch langlebig. Hochwertige Materialien in solider Verarbeitung, gepaart mit mindestens 10 Jahren Ersatzteilverf\u00fcgbarkeit nach Produktionsstopp, machen ein Liebherr-Ger\u00e4t zu einer robusten, zuverl\u00e4ssigen und \u00fcberaus langj\u00e4hrigen Spitzenkraft im fordernden Arbeitsalltag. DemomodusF\u00fcr Schulungszwecke oder Ausstellungen lassen sich die Funktionalit\u00e4ten des Ger\u00e4ts im Demomodus simulieren, ohne das Ger\u00e4t dabei in Betrieb nehmen zu m\u00fcssen. Dies spart Zeit und Geld, da die K\u00fchlfunktion nicht ben\u00f6tigt wird. Energielabel gem. EU-Richtlinie 2015\/1094Top-Energieeffizienz auf einen Blick: Das Energielabel zeigt an, wie sparsam professionelle Liebherr-Ger\u00e4te sind. Dieser geringe Energieverbrauch macht sich auch in minimalen Gesamtbetriebskosten bemerkbar. Verborgenes Kundenmen\u00fcGesch\u00fctzt, sicher, simpel: \u00dcber das verborgene Kundenmen\u00fc erhalten Nutzer Statusinformationen zum Ger\u00e4t oder k\u00f6nnen detaillierte Ger\u00e4teeinstellungen vornehmen wie das Zur\u00fccksetzen auf Werkseinstellung. Da diese Informationen und Einstellungen auf einer separaten, Code-gesch\u00fctzten Men\u00fc-Ebene stattfinden, werden ungewollte \u00c4nderungen oder Manipulation vermieden. Verborgenes Technikermen\u00fcDas verborgene Servicemen\u00fc erm\u00f6glicht die individuelle Konfiguration des Ger\u00e4ts wie Alarmton an\/aus, angepasste Sollwert-Bereiche oder \u00c4nderungen der Abtau-Automatik. Mithilfe technischer Feinjustierungen wird so das Ger\u00e4t auf Ihre besonderen Bed\u00fcrfnisse angepasst. WartungsfreiSpart Zeit, Nerven und Kosten: Professionelle Liebherr-Standger\u00e4te arbeiten ohne Filter oder andere regelm\u00e4\u00dfig zu wechselnde Komponenten und wartungsintensive Teile. Lediglich Reinigen nach Ihren individuellen Bed\u00fcrfnissen ist regelm\u00e4\u00dfig n\u00f6tig. SuperCoolIhr K\u00fchlger\u00e4t soll die optimale Temperatur halten, auch wenn Sie gerade sonnenwarme Markteink\u00e4ufe hineingelegt haben? Das ist ein Fall f\u00fcr SuperCool: Einmal aktiviert, verst\u00e4rkt Ihr Liebherr seine Leistung, bis die frischen Lebensmittel so k\u00fchl sind wie der \u00fcbrige Inhalt. Danach schaltet sich SuperCool automatisch ab \u2013 sp\u00e4testens aber nach 12 Stunden.\n<\/p>\n","protected":false},"excerpt":{"rendered":"<p>Liebherr FRPSvg 6511 Performance K\u00fchlschrank GN 2\/1 mit Umluftk\u00fchlung Dieser Gastro-K\u00fchlschrank sorgt dank des effizienten K\u00e4ltesystems f\u00fcr zuverl\u00e4ssige Leistung bei niedrigem Energieverbrauch. Und der Innenraum bietet mit seinen h\u00f6henverstellbaren Rosten viel flexiblen Platz \u2013\u00a0so lagern Lebensmittel sicher und \u00fcbersichtlich. Edelstahl innen und au\u00dfenWo Lebensmittel gelagert werden, hat Hygiene oberste Priorit\u00e4t. Daher ist der tiefgezogene Gastronorm-2\/1-Innenbeh\u00e4lter [&hellip;]<\/p>\n","protected":false},"featured_media":724,"template":"","meta":[],"product_brand":[37],"product_cat":[36],"product_tag":[],"class_list":{"0":"post-725","1":"product","2":"type-product","3":"status-publish","4":"has-post-thumbnail","6":"product_brand-liebherr","7":"product_cat-kuehlschraenke","9":"first","10":"instock","11":"shipping-taxable","12":"product-type-external"},"_links":{"self":[{"href":"https:\/\/www.horeca.gmbh\/index.php?rest_route=\/wp\/v2\/product\/725","targetHints":{"allow":["GET"]}}],"collection":[{"href":"https:\/\/www.horeca.gmbh\/index.php?rest_route=\/wp\/v2\/product"}],"about":[{"href":"https:\/\/www.horeca.gmbh\/index.php?rest_route=\/wp\/v2\/types\/product"}],"wp:featuredmedia":[{"embeddable":true,"href":"https:\/\/www.horeca.gmbh\/index.php?rest_route=\/wp\/v2\/media\/724"}],"wp:attachment":[{"href":"https:\/\/www.horeca.gmbh\/index.php?rest_route=%2Fwp%2Fv2%2Fmedia&parent=725"}],"wp:term":[{"taxonomy":"product_brand","embeddable":true,"href":"https:\/\/www.horeca.gmbh\/index.php?rest_route=%2Fwp%2Fv2%2Fproduct_brand&post=725"},{"taxonomy":"product_cat","embeddable":true,"href":"https:\/\/www.horeca.gmbh\/index.php?rest_route=%2Fwp%2Fv2%2Fproduct_cat&post=725"},{"taxonomy":"product_tag","embeddable":true,"href":"https:\/\/www.horeca.gmbh\/index.php?rest_route=%2Fwp%2Fv2%2Fproduct_tag&post=725"}],"curies":[{"name":"wp","href":"https:\/\/api.w.org\/{rel}","templated":true}]}}