{"id":683,"date":"2025-09-22T00:08:03","date_gmt":"2025-09-21T22:08:03","guid":{"rendered":"https:\/\/www.horeca.gmbh\/?product=liebherr-fcfcvg-4032-perfection-kuehl-gefrierkombination"},"modified":"2025-09-22T00:08:04","modified_gmt":"2025-09-21T22:08:04","slug":"liebherr-fcfcvg-4032-perfection-kuehl-gefrierkombination","status":"publish","type":"product","link":"https:\/\/www.horeca.gmbh\/?product=liebherr-fcfcvg-4032-perfection-kuehl-gefrierkombination","title":{"rendered":"Liebherr FCFCvg 4032 Perfection K\u00fchl-Gefrierkombination"},"content":{"rendered":"<p>Liebherr FCFCvg 4032 Perfection K\u00fchl-Gefrierkombination Diese Gastro-K\u00fchl-Gefrierkombination ist nicht nur leistungsstark, sondern auch komfortabel: Die Temperaturen im K\u00fchlteil und im Gefrierteil lassen sich separat einstellen. Und dank NoFrost ist Abtauen Vergangenheit. \u00dcbersichtliche Ger\u00e4teinformationenSollten sofort da sein, wenn man sie braucht: alle Informationen zum Ger\u00e4t. Deshalb tr\u00e4gt jeder Liebherr seine Serien- und Servicenummer sowie die Modellbezeichnung schnell ablesbar auf dem Display. Nerviges Suchen oder sogar das Freir\u00e4umen des Innenraums zum Ablesen ist damit pass\u00e9. Erf\u00fcllung der DIN EN 60335 zur Ger\u00e4tesicherheitZus\u00e4tzlich zur gesetzlich vorgeschriebenen CE-Kennzeichnung werden alle sicherheitstechnisch relevanten Bereiche, vom Usermanual bis zum Ger\u00e4t von einem externen unabh\u00e4ngigen Pr\u00fcflabor evaluiert und gepr\u00fcft. Damit erhalten Sie die bestm\u00f6gliche Produktsicherheit. DisplaysperreUm versehentliche Einstellungen zu vermeiden, kann das Benutzermen\u00fc gesperrt werden. Akustische Alarme lassen sich auch bei aktivierter Sperrfunktion quittieren. So sind n\u00f6tige Eingaben dennoch m\u00f6glich \u2013 und ungewollte ausgeschlossen. F\u00fcr mehr Sicherheit im Umgang mit Ihrem Liebherr-Ger\u00e4t. SchubfachDie rundum geschlossenen Schubf\u00e4cher sind besonderes stabil ausgef\u00fchrt und eignen sich ideal zur Einlagerung von Gefriergut. Lebensmittelechter InnenraumAlle Materialien in einem Liebherr-Ger\u00e4t f\u00fcr Gastronomie und B\u00e4ckerei sind lebensmittelecht und zur Lagerung unverpackter Lebensmittel geeignet LED-DeckenbeleuchtungSelbst bei dunkler Umgebung sorgt die LED-Deckenbeleuchtung f\u00fcr eine gute Ausleuchtung des Innenraums. Durch den optimalen \u00dcberblick ist die gew\u00fcnschte Ware sofort zur Hand, die T\u00fcr schnell wieder geschlossen und die Innentemperatur stabil. Das erspart Ihnen l\u00e4stiges Suchen \u2013 und vor allem auch Energiekosten. Reminder-FunktionF\u00e4lligkeit der n\u00e4chsten Grundreinigung oder j\u00e4hrlicher Service \u2013 der Intervall-Timer erinnert daran. Dabei l\u00e4sst sich das Intervall in vordefinierten Abst\u00e4nden ausw\u00e4hlen und direkt am Ger\u00e4t einstellen. Und der Kopf bleibt frei f\u00fcr Ihre anspruchsvolle Arbeit. LED-BeleuchtungSelbst bei dunkler Umgebung sorgt die LED-Beleuchtung f\u00fcr eine gute Ausleuchtung des Innenraums. Durch den optimalen \u00dcberblick ist die gew\u00fcnschte Ware sofort zur Hand, die T\u00fcr schnell wieder geschlossen und die Innentemperatur stabil. Das erspart Ihnen l\u00e4stiges Suchen \u2013 und vor allem auch Energiekosten. Die fl\u00e4chenb\u00fcndig integrierte LED-Beleuchtung erleichtert die Reinigung. Mechanisches SchlossAlle professionellen Liebherr-Ger\u00e4te f\u00fcr Gastronomie und B\u00e4ckerei sind mit einem mechanischen Schloss mit zwei Schl\u00fcsseln ausgestattet. So k\u00f6nnen Sie sicher sein, dass keine unbefugten H\u00e4nde Zugriff auf Ihr eingelagertes Gut erhalten Reinigungsfreundlicher InnenraumDer Kunststoff-Innenbeh\u00e4lter besteht aus Polysterol, einem vollst\u00e4ndig recycelbaren, robusten und geruchsneutralem Kunststoff. Fugenlos aus einem St\u00fcck gefertigt hat er keine versteckten Schmutzf\u00e4nger und l\u00e4sst sich in gro\u00dfen Radien schnell und einfach reinigen. Die perfekte Kombination aus Nachhaltigkeit und Hygiene. Selbstschlie\u00dfende T\u00fcr < 90\u00b0 \/ T\u00fcr-Schlie\u00dfautomatik unter 90\u00b0Komfort bei Routinearbeiten, Sicherheit bei Unachtsamkeit: Ab ca. 90\u00b0 \u00d6ffnungswinkel bleibt die Ger\u00e4tet\u00fcr ge\u00f6ffnet und erleichtert das Be- und Entladen sowie die Reinigung. Unter ca. 90\u00b0 schlie\u00dft sie von selbst, damit das Ger\u00e4t nicht versehentlich offen steht. So bleibt die Temperatur stabil und die Qualit\u00e4t Ihrer eingelagerten Lebensmittel bewahrt. SafetyStopDer Tragrost mit Auszugsstopp garantiert Stabilit\u00e4t und sicheres Arbeiten: Auch wenn es mal etwas hektischer wird, kann der Tragrost nicht aus Versehen herausgezogen werden. Beim Be- und Entladen bleibt er zuverl\u00e4ssig in einer festen Position \u2013 und Sie bleiben vor Malheuren bewahrt. Side-by-Side-SetDas Zubeh\u00f6r-Kit bietet eine saubere und sichere L\u00f6sung, um mehrere Ger\u00e4te in einer Reihe aufzustellen. \u00dcber eine Profilschiene werden die Ger\u00e4te fest miteinander verbunden, so dass sie nicht verrutschen k\u00f6nnen und eine nahtlose Front bilden. Die Fixierung garantiert zudem den empfohlenen Abstand und verhindert eine Kondensation zwischen den Ger\u00e4ten. Ultra-efficientStetig steigende Strompreise erh\u00f6hen die Anforderungen an die Effizienz von K\u00fchl- und Gefrierger\u00e4ten. Vom Kompressor \u00fcber die Dichtung bis zur Beleuchtung und Elektronik sch\u00f6pft Liebherr das Einsparpotenzial aller Komponenten voll aus. Das Ergebnis kann sich sehen lassen \u2013 vor allem auf Ihrer Gesamtbetriebskostenrechnung. Intuitive Men\u00fcf\u00fchrungKomfort per Fingertipp: Lesen Sie den Ger\u00e4testatus ab, ohne die T\u00fcr zu \u00f6ffnen \u2013 ganz einfach auf dem fl\u00e4chenb\u00fcndig in die T\u00fcr integrierten Bedienpanel. Die Men\u00fcf\u00fchrung ist selbsterkl\u00e4rend und wird \u00fcber drei Touch-Buttons gesteuert.\n<\/p>\n","protected":false},"excerpt":{"rendered":"<p>Liebherr FCFCvg 4032 Perfection K\u00fchl-Gefrierkombination Diese Gastro-K\u00fchl-Gefrierkombination ist nicht nur leistungsstark, sondern auch komfortabel: Die Temperaturen im K\u00fchlteil und im Gefrierteil lassen sich separat einstellen. Und dank NoFrost ist Abtauen Vergangenheit. \u00dcbersichtliche Ger\u00e4teinformationenSollten sofort da sein, wenn man sie braucht: alle Informationen zum Ger\u00e4t. Deshalb tr\u00e4gt jeder Liebherr seine Serien- und Servicenummer sowie die Modellbezeichnung [&hellip;]<\/p>\n","protected":false},"featured_media":682,"template":"","meta":[],"product_brand":[37],"product_cat":[46],"product_tag":[],"class_list":{"0":"post-683","1":"product","2":"type-product","3":"status-publish","4":"has-post-thumbnail","6":"product_brand-liebherr","7":"product_cat-kuehl-gefrierkombi","9":"first","10":"instock","11":"shipping-taxable","12":"product-type-external"},"_links":{"self":[{"href":"https:\/\/www.horeca.gmbh\/index.php?rest_route=\/wp\/v2\/product\/683","targetHints":{"allow":["GET"]}}],"collection":[{"href":"https:\/\/www.horeca.gmbh\/index.php?rest_route=\/wp\/v2\/product"}],"about":[{"href":"https:\/\/www.horeca.gmbh\/index.php?rest_route=\/wp\/v2\/types\/product"}],"wp:featuredmedia":[{"embeddable":true,"href":"https:\/\/www.horeca.gmbh\/index.php?rest_route=\/wp\/v2\/media\/682"}],"wp:attachment":[{"href":"https:\/\/www.horeca.gmbh\/index.php?rest_route=%2Fwp%2Fv2%2Fmedia&parent=683"}],"wp:term":[{"taxonomy":"product_brand","embeddable":true,"href":"https:\/\/www.horeca.gmbh\/index.php?rest_route=%2Fwp%2Fv2%2Fproduct_brand&post=683"},{"taxonomy":"product_cat","embeddable":true,"href":"https:\/\/www.horeca.gmbh\/index.php?rest_route=%2Fwp%2Fv2%2Fproduct_cat&post=683"},{"taxonomy":"product_tag","embeddable":true,"href":"https:\/\/www.horeca.gmbh\/index.php?rest_route=%2Fwp%2Fv2%2Fproduct_tag&post=683"}],"curies":[{"name":"wp","href":"https:\/\/api.w.org\/{rel}","templated":true}]}}