{"id":647,"date":"2025-09-22T00:07:56","date_gmt":"2025-09-21T22:07:56","guid":{"rendered":"https:\/\/www.horeca.gmbh\/?product=liebherr-wfbli-7741-perfection-weinkuehlschrank-professional"},"modified":"2025-09-22T00:07:57","modified_gmt":"2025-09-21T22:07:57","slug":"liebherr-wfbli-7741-perfection-weinkuehlschrank-professional","status":"publish","type":"product","link":"https:\/\/www.horeca.gmbh\/?product=liebherr-wfbli-7741-perfection-weinkuehlschrank-professional","title":{"rendered":"Liebherr WFbli 7741 Perfection Weink\u00fchlschrank Professional"},"content":{"rendered":"<p>Liebherr WFbli 7741 Perfection Weink\u00fchlschrank Professional Vibrationsarme Lagerung Selbst geringe Ersch\u00fctterungen k\u00f6nnen Weine in ihrer Reife st\u00f6ren und das Absetzen der Gerbstoffe verhindern. Speziell entwickelte, \u00e4u\u00dferst vibrationsarme Kompressoren sorgen bei allen Weinschr\u00e4nken f\u00fcr eine schonende Lagerung der Weine. Ideale Luftfeuchtigkeit Die richtige Luftfeuchtigkeit ist eine wichtige Komponente bei der Lagerung von Weinen. Damit bleibt der Korken geschmeidig und trocknet nicht aus. Um den Korken auch von innen m\u00f6glichst feucht zu halten, sollten Weine liegend gelagert werden. Mit \u00fcber 50 % Luftfeuchtigkeit gew\u00e4hrleisten Weinschr\u00e4nke die besten Bedingungen. Nach Bedarf kann die Luftfeuchtigkeit bei den Weinklimaschr\u00e4nken \u00fcber die Ventilationstaste reguliert werden. 2 h\u00f6henverstellbare Stellf\u00fcsse F\u00fcr einen sicheren Stand. Dank der h\u00f6henverstellbaren Stellf\u00fc\u00dfe l\u00e4sst sich Ihr Weinlagerschrank optimal ausrichten und passt sich auch an unebene Untergr\u00fcnde perfekt an. So k\u00f6nnen Sie sicher sein, dass die T\u00fcr immer dicht schlie\u00dft, keine W\u00e4rme eindringt, sich kein Kondensat bildet und die Lagerbedingungen konstant bleiben. Das sch\u00fctzt die Qualit\u00e4t Ihres Weines. Spracheinstellungen Mit Ihrem Weinlagerschrank werden Sie sich bestens verstehen. W\u00e4hlen Sie am Touch-Display ganz unkompliziert zwischen neun Sprachen aus: DE, EN, FR, ES, IT, NL, CS, PL, PT \u2013 und schon bedienen Sie Ihren Liebherr in Ihrer Wunschsprache. Ganz einfach. Quite simple. C&#8217;est simple. Displaysperre Alles unter Kontrolle. Ihre Weinsammlung durch ein T\u00fcrschloss zu sichern, ist der erste Schritt. Genauso wichtig ist es aber, eine unbefugte Bedienung Ihres Weinlagerschranks zu vermeiden. Eine besonders zuverl\u00e4ssige L\u00f6sung bietet die neue Displaysperre, die \u00fcber das Men\u00fc aktiviert wird. Die dreistellige PIN sichert Ihre Einstellungen und damit die optimalen Bedingungen f\u00fcr Ihren Wein. T\u00fcralarm Kaum offen und schon in Alarmbereitschaft. Wenn die T\u00fcr Ihres Weinlagerschranks l\u00e4nger als 60 Sekunden offen steht, wird der T\u00fcralarm aktiviert. Dieser meldet sich sowohl akustisch als auch optisch mit pulsierender Ger\u00e4te-Beleuchtung. Damit Sie schnellstm\u00f6glich reagieren k\u00f6nnen und so die optimalen Lagerbedingungen Ihrer Weine erhalten werden. EasyFill BeladungshilfeEasyServe-FlaschenkorbeDoorLockFreshAir-AktivkohlefilterHumiditySelect (Verstellbare Luftfeuchtigkeit)SmartDevice-Box, integriertStangengriff mit integrierter \u00d6ffnungsmechanikLightColumn, beidseitigMetallbord mit Holzfront, h\u00f6henverstellbarMaximale Flaschenkapazit\u00e4t durch Hals-an-Hals-LagerungStromausfallalarmPowerChillGradgenaue TemperatureinstellungPr\u00e4sentationslichtR\u00fcckwandpaneel: Metall, graphitgrauWechselbare T\u00fcrdichtungSabbathModeSelfClosing Door mit EasyFill BeladungshilfeTemperaturalarmTempProtect PlusTouch &#038; Swipe-DisplayUVProtect PlusVibrateSafeEasyFill BeladungshilfeMaximale Flaschenkapazit\u00e4t durch Hals-an-Hals-LagerungPr\u00e4sentationslichtSelfClosing Door mit EasyFill BeladungshilfeHolzboard, h\u00f6henverstellbarEffizientes K\u00e4ltesystemTemperatur-AlarmUmweltfreundliches K\u00e4ltemittelWechselbarer T\u00fcranschlag<\/p>\n","protected":false},"excerpt":{"rendered":"<p>Liebherr WFbli 7741 Perfection Weink\u00fchlschrank Professional Vibrationsarme Lagerung Selbst geringe Ersch\u00fctterungen k\u00f6nnen Weine in ihrer Reife st\u00f6ren und das Absetzen der Gerbstoffe verhindern. Speziell entwickelte, \u00e4u\u00dferst vibrationsarme Kompressoren sorgen bei allen Weinschr\u00e4nken f\u00fcr eine schonende Lagerung der Weine. Ideale Luftfeuchtigkeit Die richtige Luftfeuchtigkeit ist eine wichtige Komponente bei der Lagerung von Weinen. Damit bleibt der [&hellip;]<\/p>\n","protected":false},"featured_media":646,"template":"","meta":[],"product_brand":[37],"product_cat":[45],"product_tag":[],"class_list":{"0":"post-647","1":"product","2":"type-product","3":"status-publish","4":"has-post-thumbnail","6":"product_brand-liebherr","7":"product_cat-weinkuehlschraenke","9":"first","10":"instock","11":"shipping-taxable","12":"product-type-external"},"_links":{"self":[{"href":"https:\/\/www.horeca.gmbh\/index.php?rest_route=\/wp\/v2\/product\/647","targetHints":{"allow":["GET"]}}],"collection":[{"href":"https:\/\/www.horeca.gmbh\/index.php?rest_route=\/wp\/v2\/product"}],"about":[{"href":"https:\/\/www.horeca.gmbh\/index.php?rest_route=\/wp\/v2\/types\/product"}],"wp:featuredmedia":[{"embeddable":true,"href":"https:\/\/www.horeca.gmbh\/index.php?rest_route=\/wp\/v2\/media\/646"}],"wp:attachment":[{"href":"https:\/\/www.horeca.gmbh\/index.php?rest_route=%2Fwp%2Fv2%2Fmedia&parent=647"}],"wp:term":[{"taxonomy":"product_brand","embeddable":true,"href":"https:\/\/www.horeca.gmbh\/index.php?rest_route=%2Fwp%2Fv2%2Fproduct_brand&post=647"},{"taxonomy":"product_cat","embeddable":true,"href":"https:\/\/www.horeca.gmbh\/index.php?rest_route=%2Fwp%2Fv2%2Fproduct_cat&post=647"},{"taxonomy":"product_tag","embeddable":true,"href":"https:\/\/www.horeca.gmbh\/index.php?rest_route=%2Fwp%2Fv2%2Fproduct_tag&post=647"}],"curies":[{"name":"wp","href":"https:\/\/api.w.org\/{rel}","templated":true}]}}