{"id":599,"date":"2025-09-22T00:07:47","date_gmt":"2025-09-21T22:07:47","guid":{"rendered":"https:\/\/www.horeca.gmbh\/?product=liebherr-fffsg-6501-performance-gefrierschrank-mit-smartfrost"},"modified":"2025-09-22T00:07:47","modified_gmt":"2025-09-21T22:07:47","slug":"liebherr-fffsg-6501-performance-gefrierschrank-mit-smartfrost","status":"publish","type":"product","link":"https:\/\/www.horeca.gmbh\/?product=liebherr-fffsg-6501-performance-gefrierschrank-mit-smartfrost","title":{"rendered":"Liebherr FFFsg 6501 Performance Gefrierschrank mit SmartFrost"},"content":{"rendered":"<p>Liebherr FFFsg 6501 Performance Gefrierschrank mit SmartFrost Perfekt f\u00fcr Profik\u00fcchen: Dieser robuste und langlebige Gastro-Standgefrierschrank k\u00fchlt dank seines effizienten K\u00e4ltesystems absolut zuverl\u00e4ssig. Der Ventilator-T\u00fcrkontaktschalter minimiert den K\u00e4lteverlust bei T\u00fcr\u00f6ffnungen. SmartFrostMit SmartFrost wird die Bereifung des Innenraums und der eingelagerten Produkte reduziert. Abtauen ist seltener erforderlich \u2013 und wenn doch, wird es durch die glatten, reinigungsfreundlichen Innenw\u00e4nde erheblich erleichtert. Der eingesch\u00e4umte Verdampfer sorgt f\u00fcr hohe Energieeffizienz und gleichm\u00e4\u00dfige K\u00fchlung. Wechselbare T\u00fcrdichtungSparen Sie Zeit und Geld: Die steckbaren T\u00fcrdichtungen von Liebherr werden problemlos ausgetauscht. Ist eine Dichtung besch\u00e4digt, k\u00f6nnen Sie sie ganz ohne Werkzeug selbst ersetzen. LightAlarmBei einem unkontrollierten Temperaturanstieg, offen gelassener T\u00fcr oder anderen Problemen beginnt die Innenbeleuchtung des Ger\u00e4ts zu blinken. Bei Glast\u00fcr-Ger\u00e4ten wird so schnell ersichtlich, wo Handlungsbedarf besteht. Bei Vollt\u00fcr-Ger\u00e4ten mahnt der blinkende Innenraum zum sofortigen Schlie\u00dfen der T\u00fcr, um die Lagerqualit\u00e4t zu wahren. Geeignet f\u00fcr Euronorm-Box (nur Gastrogefrierer)T\u00fcr auf, Kiste rein, Ordnung perfekt: Profi-Ger\u00e4te f\u00fcr Gastronomie und B\u00e4ckerei sind speziell auf die Bed\u00fcrfnisse von K\u00fcchen und Backstuben ausgelegt und damit selbstverst\u00e4ndlich f\u00fcr die Verwendung von Euronorm-Boxen geeignet. Selbstschlie\u00dfende T\u00fcr < 90\u00b0 \/ T\u00fcr-Schlie\u00dfautomatik unter 90\u00b0Komfort bei Routinearbeiten, Sicherheit bei Unachtsamkeit: Ab ca. 90\u00b0 \u00d6ffnungswinkel bleibt die Ger\u00e4tet\u00fcr ge\u00f6ffnet und erleichtert das Be- und Entladen sowie die Reinigung. Unter ca. 90\u00b0 schlie\u00dft sie von selbst, damit das Ger\u00e4t nicht versehentlich offen steht. So bleibt die Temperatur stabil und die Qualit\u00e4t Ihrer eingelagerten Lebensmittel bewahrt. Nachr\u00fcstbare WiFi\/LAN-SchnittstelleSo einfach wird ein Liebherr vernetzbar: Mit der nachr\u00fcstbaren WiFi- und LAN-Schnittstelle lassen sich Ger\u00e4te m\u00fchelos mit externen Systemen verbinden, etwa mit SmartMonitoring von Liebherr. Mit der digitalen Monitoring-L\u00f6sung wird die Lagertemperatur kontrolliert und dokumentiert\u00a0 \u2013 bequem und sicher \u00fcber die nachtr\u00e4glich eingerichtete Schnittstelle. Stromausfall-InfoWurde aufgrund einer St\u00f6rung die Stromversorgung unterbrochen, tritt bei Netz-Wiederkehr die Stromausfall-Info in Erscheinung. Sie meldet, dass das Ger\u00e4t zwischenzeitlich ohne Strom war und welche Maximaltemperatur w\u00e4hrenddessen erreicht wurde. So k\u00f6nnen Sie einsch\u00e4tzen, ob aufgrund des Stromausfalls mit einem Qualit\u00e4tsverlust zu rechnen ist. 15 Jahre Ersatzteilverf\u00fcgbarkeitDie Liebherr-Hausger\u00e4te GmbH unterst\u00fctzt mit einem kundenorientierten Schritt die Lebensdauer Ihrer hochwertigen Ger\u00e4te: Die Ersatzteilverf\u00fcgbarkeit wird 15 Jahre nach Produktionsende des jeweiligen Modells ausgeweitet. Dies gilt f\u00fcr alle Funktionsteile und lagerf\u00e4higen Teile der Ausstattung. R\u00fcckwirkend sichert Liebherr-Hausger\u00e4te diese Serviceleistung bereits f\u00fcr alle Ger\u00e4te zu, die seit dem 1.1.2021 produziert wurden. \u00dcbersichtliche Ger\u00e4teinformationenSollten sofort da sein, wenn man sie braucht: alle Informationen zum Ger\u00e4t. Deshalb tr\u00e4gt jeder Liebherr seine Serien- und Servicenummer sowie die Modellbezeichnung schnell ablesbar auf dem Display. Nerviges Suchen oder sogar das Freir\u00e4umen des Innenraums zum Ablesen ist damit pass\u00e9. Stabile LenkrollenMit nachr\u00fcstbaren Rollen bleiben Liebherr-Profi-Ger\u00e4te maximal mobil. So k\u00f6nnen Sie den Aufstellort jederzeit ver\u00e4ndern oder das Ger\u00e4t f\u00fcr eine leichtere Reinigung einfach verschieben. Wechselbarer T\u00fcranschlagLiebherr-Profi-Ger\u00e4te sind werksseitig mit rechtem T\u00fcranschlag ausgestattet. Ohne gro\u00dfen Aufwand \u2013 und vor allem ohne zus\u00e4tzliche Teile \u2013 kann der T\u00fcranschlag auf links gewechselt werden. So bleiben Sie maximal flexibel in der Wahl Ihres Aufstellorts. 15 Jahre KomponentenauslegungNachhaltig hei\u00dft nicht nur sparsam, sondern auch langlebig. Hochwertige Materialien in solider Verarbeitung, gepaart mit mindestens 10 Jahren Ersatzteilverf\u00fcgbarkeit nach Produktionsstopp, machen ein Liebherr-Ger\u00e4t zu einer robusten, zuverl\u00e4ssigen und \u00fcberaus langj\u00e4hrigen Spitzenkraft im fordernden Arbeitsalltag. DemomodusF\u00fcr Schulungszwecke oder Ausstellungen lassen sich die Funktionalit\u00e4ten des Ger\u00e4ts im Demomodus simulieren, ohne das Ger\u00e4t dabei in Betrieb nehmen zu m\u00fcssen. Dies spart Zeit und Geld, da die K\u00fchlfunktion nicht ben\u00f6tigt wird. DisplaysperreUm versehentliche Einstellungen zu vermeiden, kann das Benutzermen\u00fc gesperrt werden. Akustische Alarme lassen sich auch bei aktivierter Sperrfunktion quittieren. So sind n\u00f6tige Eingaben dennoch m\u00f6glich \u2013 und ungewollte ausgeschlossen. F\u00fcr mehr Sicherheit im Umgang mit Ihrem Liebherr-Ger\u00e4t. Verborgenes Kundenmen\u00fcGesch\u00fctzt, sicher, simpel: \u00dcber das verborgene Kundenmen\u00fc erhalten Nutzer Statusinformationen zum Ger\u00e4t oder k\u00f6nnen detaillierte Ger\u00e4teeinstellungen vornehmen wie das Zur\u00fccksetzen auf Werkseinstellung. Da diese Informationen und Einstellungen auf einer separaten, Code-gesch\u00fctzten Men\u00fc-Ebene stattfinden, werden ungewollte \u00c4nderungen oder Manipulation vermieden. Verborgenes Technikermen\u00fcDas verborgene Servicemen\u00fc erm\u00f6glicht die individuelle Konfiguration des Ger\u00e4ts wie Alarmton an\/aus, angepasste Sollwert-Bereiche oder \u00c4nderungen der Abtau-Automatik. Mithilfe technischer Feinjustierungen wird so das Ger\u00e4t auf Ihre besonderen Bed\u00fcrfnisse angepasst. Lebensmittelechter InnenraumAlle Materialien in einem Liebherr-Ger\u00e4t f\u00fcr Gastronomie und B\u00e4ckerei sind lebensmittelecht und zur Lagerung unverpackter Lebensmittel geeignet WartungsfreiSpart Zeit, Nerven und Kosten: Professionelle Liebherr-Standger\u00e4te arbeiten ohne Filter oder andere regelm\u00e4\u00dfig zu wechselnde Komponenten und wartungsintensive Teile. Lediglich Reinigen nach Ihren individuellen Bed\u00fcrfnissen ist regelm\u00e4\u00dfig n\u00f6tig. Mechanisches SchlossAlle professionellen Liebherr-Ger\u00e4te f\u00fcr Gastronomie und B\u00e4ckerei sind mit einem mechanischen Schloss mit zwei Schl\u00fcsseln ausgestattet. So k\u00f6nnen Sie sicher sein, dass keine unbefugten H\u00e4nde Zugriff auf Ihr eingelagertes Gut erhalten Erf\u00fcllung der DIN EN 60335 zur Ger\u00e4tesicherheitZus\u00e4tzlich zur gesetzlich vorgeschriebenen CE-Kennzeichnung werden alle sicherheitstechnisch relevanten Bereiche, vom Usermanual bis zum Ger\u00e4t von einem externen unabh\u00e4ngigen Pr\u00fcflabor evaluiert und gepr\u00fcft. Damit erhalten Sie die bestm\u00f6gliche Produktsicherheit. Reinigungsfreundlicher InnenraumDer Kunststoff-Innenbeh\u00e4lter besteht aus Polysterol, einem vollst\u00e4ndig recycelbaren, robusten und geruchsneutralem Kunststoff. Fugenlos aus einem St\u00fcck gefertigt hat er keine versteckten Schmutzf\u00e4nger und l\u00e4sst sich in gro\u00dfen Radien schnell und einfach reinigen. Die perfekte Kombination aus Nachhaltigkeit und Hygiene. Side-by-Side-SetDas Zubeh\u00f6r-Kit bietet eine saubere und sichere L\u00f6sung, um mehrere Ger\u00e4te in einer Reihe aufzustellen. \u00dcber eine Profilschiene werden die Ger\u00e4te fest miteinander verbunden, so dass sie nicht verrutschen k\u00f6nnen und eine nahtlose Front bilden. Die Fixierung garantiert zudem den empfohlenen Abstand und verhindert eine Kondensation zwischen den Ger\u00e4ten. Tragrost mit AuszugsstoppStabil, langlebig, luftdurchl\u00e4ssig: Die robusten, korrosionsfreien Tragroste aus beschichtetem Stahl bieten selbst schweren G\u00fctern sicheren Halt. Gleichzeitig garantieren sie die st\u00e4ndige Luftzirkulation und damit eine gute Temperaturstabilit\u00e4t. Ein Auszugsstopp verhindert, dass der Rost beim Entladen herausrutschen kann. Temperaturstabilit\u00e4t gem. DIN EN 16825:2015\/GefrierenEmpfindliche Lebensmittel verzeihen keine gro\u00dfen Abweichungen der eingestellten Lagertemperatur. Liebherr-Gefrierger\u00e4te garantieren eine stabile Temperatur zwischen \u201315 \u00b0 C und \u201318 \u00b0 C. Das sch\u00fctzt Sie vor Einbu\u00dfen und bewahrt die Qualit\u00e4t Ihrer Tiefk\u00fchlware. Intuitive Men\u00fcf\u00fchrungKomfort per Fingertipp: Lesen Sie den Ger\u00e4testatus ab, ohne die T\u00fcr zu \u00f6ffnen \u2013 ganz einfach auf dem fl\u00e4chenb\u00fcndig in die T\u00fcr integrierten Bedienpanel. Die Men\u00fcf\u00fchrung ist selbsterkl\u00e4rend und wird \u00fcber drei Touch-Buttons gesteuert. Drahtrohrverfl\u00fcssigerVerschmutzte Kondensatoren verursachen hohen Reinigungsaufwand und vermehrte St\u00f6ranf\u00e4lligkeit der K\u00fchlger\u00e4te. Unsere langlebigen Drahtrohrverfl\u00fcssiger dagegen verhindern Fett- und Schmutzablagerungen, sind wartungsfrei und sorgen f\u00fcr dauerhaft hohe K\u00fchlleistung und Effizienz. Und Sie k\u00f6nnen sich \u00fcber niedrige Betriebskosten freuen.\n<\/p>\n","protected":false},"excerpt":{"rendered":"<p>Liebherr FFFsg 6501 Performance Gefrierschrank mit SmartFrost Perfekt f\u00fcr Profik\u00fcchen: Dieser robuste und langlebige Gastro-Standgefrierschrank k\u00fchlt dank seines effizienten K\u00e4ltesystems absolut zuverl\u00e4ssig. Der Ventilator-T\u00fcrkontaktschalter minimiert den K\u00e4lteverlust bei T\u00fcr\u00f6ffnungen. SmartFrostMit SmartFrost wird die Bereifung des Innenraums und der eingelagerten Produkte reduziert. Abtauen ist seltener erforderlich \u2013 und wenn doch, wird es durch die glatten, reinigungsfreundlichen [&hellip;]<\/p>\n","protected":false},"featured_media":598,"template":"","meta":[],"product_brand":[37],"product_cat":[35],"product_tag":[],"class_list":{"0":"post-599","1":"product","2":"type-product","3":"status-publish","4":"has-post-thumbnail","6":"product_brand-liebherr","7":"product_cat-tiefkuehlschraenke","9":"first","10":"instock","11":"shipping-taxable","12":"product-type-external"},"_links":{"self":[{"href":"https:\/\/www.horeca.gmbh\/index.php?rest_route=\/wp\/v2\/product\/599","targetHints":{"allow":["GET"]}}],"collection":[{"href":"https:\/\/www.horeca.gmbh\/index.php?rest_route=\/wp\/v2\/product"}],"about":[{"href":"https:\/\/www.horeca.gmbh\/index.php?rest_route=\/wp\/v2\/types\/product"}],"wp:featuredmedia":[{"embeddable":true,"href":"https:\/\/www.horeca.gmbh\/index.php?rest_route=\/wp\/v2\/media\/598"}],"wp:attachment":[{"href":"https:\/\/www.horeca.gmbh\/index.php?rest_route=%2Fwp%2Fv2%2Fmedia&parent=599"}],"wp:term":[{"taxonomy":"product_brand","embeddable":true,"href":"https:\/\/www.horeca.gmbh\/index.php?rest_route=%2Fwp%2Fv2%2Fproduct_brand&post=599"},{"taxonomy":"product_cat","embeddable":true,"href":"https:\/\/www.horeca.gmbh\/index.php?rest_route=%2Fwp%2Fv2%2Fproduct_cat&post=599"},{"taxonomy":"product_tag","embeddable":true,"href":"https:\/\/www.horeca.gmbh\/index.php?rest_route=%2Fwp%2Fv2%2Fproduct_tag&post=599"}],"curies":[{"name":"wp","href":"https:\/\/api.w.org\/{rel}","templated":true}]}}