{"id":552,"date":"2025-09-22T00:07:37","date_gmt":"2025-09-21T22:07:37","guid":{"rendered":"https:\/\/www.horeca.gmbh\/?product=liebherr-mrfvg-3511-getraenkekuehlschrank-mit-glastuer-und-led"},"modified":"2025-09-22T00:07:38","modified_gmt":"2025-09-21T22:07:38","slug":"liebherr-mrfvg-3511-getraenkekuehlschrank-mit-glastuer-und-led","status":"publish","type":"product","link":"https:\/\/www.horeca.gmbh\/?product=liebherr-mrfvg-3511-getraenkekuehlschrank-mit-glastuer-und-led","title":{"rendered":"Liebherr MRFvg 3511 Getr\u00e4nkek\u00fchlschrank mit Glast\u00fcr und LED"},"content":{"rendered":"<p>Liebherr MRFvg 3511-20 Getr\u00e4nkek\u00fchlschrank mit Glast\u00fcr und LED-Lichts\u00e4ule beidseitig. SmartMonitoring vorger\u00fcstetLiebherr SmartMonitoring bietet eine umfangreiche L\u00f6sung zur Dokumentation und \u00dcberwachung von Mess- und Betriebsdaten, Alarmmeldungen und Ger\u00e4tezust\u00e4nden. Der daf\u00fcr ben\u00f6tigte SmartCoolingHub kann \u00fcber die vorger\u00fcstete RS 485 Schnittstelle direkt an dieses Ger\u00e4t angeschlossen werden.Digitale TemperaturanzeigeDie digitale Temperaturanzeige zeigt gradgenau die Innentemperatur des K\u00fchlger\u00e4ts an. Somit k\u00f6nnen sich Betreiber und Nutzer schnell einen \u00dcberblick \u00fcber die Ger\u00e4tetemperatur verschaffen.Umluftk\u00fchlungHocheffiziente Ventilatoren sorgen f\u00fcr schnelles Abk\u00fchlen frisch eingelagerter Ware und eine gleichm\u00e4\u00dfige K\u00fchltemperatur im gesamten Innenraum.Effizientes K\u00e4ltesystemAufgrund jahrzehntelanger Erfahrung im Bereich K\u00e4ltetechnik verbunden mit kontinuierlicher Forschung gew\u00e4hrleistet Liebherr die hervorragende Qualit\u00e4t des K\u00e4ltesystems. Die Verwendung hochwertiger Verdichter, Verfl\u00fcssiger, Verdampfer sowie weiterer k\u00e4ltetechnischer Komponenten sorgt sowohl zu einer deutlichen Senkung des Energieverbrauchs als auch zur Senkung der Betriebskosten der Liebherr-Ger\u00e4te.Umweltfreundliches K\u00e4ltemittelDie K\u00e4ltemittel R600a und R 290 sind umweltfreundlich, da sie einen sehr geringen Treibhauseffekt und kein Ozonabbaupotential aufweisen. Diese K\u00e4ltemittel haben deshalb die zuvor verwendete K\u00e4ltemittel R134a und R404a nahezu vollst\u00e4ndig abgel\u00f6st. Alle Liebherr Impuls- und Lagertruhen sind mit R600a oder R 290 ausgef\u00fchrt und zeichnen sich durch hervorragende Energieeffizienz aus, was Ihre CO2-Bilanz verbessert und nachhaltiges Handeln f\u00f6rdert.Wechselbarer T\u00fcranschlagDie Ger\u00e4te sind werksseitig mit rechtem T\u00fcranschlag ausgestattet. Mit der M\u00f6glichkeit den T\u00fcranschlag zu wechseln, kann das Ger\u00e4t immer optimal im Aufstellungsbereich platziert und an individuelle Bed\u00fcrfnisse angepasst werden. Produkt-Highlights: Dynamisches K\u00fchlsystemAutomatisches AbtauverfahrenLC-Display monochromDigitale Temperaturanzeige4 verstellbare Ablagefl\u00e4chenAbstellfl\u00e4chen bis 45 kg belastbarElektronisches Schloss mit FernbedienungSelbstschlie\u00dfende Isolierglast\u00fcrT\u00fcranschlag rechts, wechselbar Wichtigste Produkteigenschaften NEU Energieverbrauch (kWh\/Jahr): 390Ger\u00e4uschemissionsklasse: AEnergieeffizienzspektrum: Spektrum [A bis G]<\/p>\n","protected":false},"excerpt":{"rendered":"<p>Liebherr MRFvg 3511-20 Getr\u00e4nkek\u00fchlschrank mit Glast\u00fcr und LED-Lichts\u00e4ule beidseitig. SmartMonitoring vorger\u00fcstetLiebherr SmartMonitoring bietet eine umfangreiche L\u00f6sung zur Dokumentation und \u00dcberwachung von Mess- und Betriebsdaten, Alarmmeldungen und Ger\u00e4tezust\u00e4nden. Der daf\u00fcr ben\u00f6tigte SmartCoolingHub kann \u00fcber die vorger\u00fcstete RS 485 Schnittstelle direkt an dieses Ger\u00e4t angeschlossen werden.Digitale TemperaturanzeigeDie digitale Temperaturanzeige zeigt gradgenau die Innentemperatur des K\u00fchlger\u00e4ts an. Somit [&hellip;]<\/p>\n","protected":false},"featured_media":551,"template":"","meta":[],"product_brand":[37],"product_cat":[34],"product_tag":[],"class_list":{"0":"post-552","1":"product","2":"type-product","3":"status-publish","4":"has-post-thumbnail","6":"product_brand-liebherr","7":"product_cat-getraenkekuehlschraenke","9":"first","10":"instock","11":"shipping-taxable","12":"product-type-external"},"_links":{"self":[{"href":"https:\/\/www.horeca.gmbh\/index.php?rest_route=\/wp\/v2\/product\/552","targetHints":{"allow":["GET"]}}],"collection":[{"href":"https:\/\/www.horeca.gmbh\/index.php?rest_route=\/wp\/v2\/product"}],"about":[{"href":"https:\/\/www.horeca.gmbh\/index.php?rest_route=\/wp\/v2\/types\/product"}],"wp:featuredmedia":[{"embeddable":true,"href":"https:\/\/www.horeca.gmbh\/index.php?rest_route=\/wp\/v2\/media\/551"}],"wp:attachment":[{"href":"https:\/\/www.horeca.gmbh\/index.php?rest_route=%2Fwp%2Fv2%2Fmedia&parent=552"}],"wp:term":[{"taxonomy":"product_brand","embeddable":true,"href":"https:\/\/www.horeca.gmbh\/index.php?rest_route=%2Fwp%2Fv2%2Fproduct_brand&post=552"},{"taxonomy":"product_cat","embeddable":true,"href":"https:\/\/www.horeca.gmbh\/index.php?rest_route=%2Fwp%2Fv2%2Fproduct_cat&post=552"},{"taxonomy":"product_tag","embeddable":true,"href":"https:\/\/www.horeca.gmbh\/index.php?rest_route=%2Fwp%2Fv2%2Fproduct_tag&post=552"}],"curies":[{"name":"wp","href":"https:\/\/api.w.org\/{rel}","templated":true}]}}