{"id":541,"date":"2025-09-22T00:07:35","date_gmt":"2025-09-21T22:07:35","guid":{"rendered":"https:\/\/www.horeca.gmbh\/?product=liebherr-fkdv-4213-comfort-getraenkekuehlschrank-mit-glastuer-und-led"},"modified":"2025-09-22T00:07:36","modified_gmt":"2025-09-21T22:07:36","slug":"liebherr-fkdv-4213-comfort-getraenkekuehlschrank-mit-glastuer-und-led","status":"publish","type":"product","link":"https:\/\/www.horeca.gmbh\/?product=liebherr-fkdv-4213-comfort-getraenkekuehlschrank-mit-glastuer-und-led","title":{"rendered":"Liebherr FKDv 4213 Comfort Getr\u00e4nkek\u00fchlschrank mit Glast\u00fcr und LED"},"content":{"rendered":"<p>Liebherr FKDv 4213-21 Comfort Getr\u00e4nkek\u00fchlschrank mit Glast\u00fcr und LED \u00a0 Wirkungsstarke Warenpr\u00e4sentation Die energiesparende LED-Innenraumbeleuchtung sorgt f\u00fcr eine optimale Pr\u00e4sentation der eingelagerten Produkte. Umluftk\u00fchlung Hocheffiziente Ventilatoren sorgen f\u00fcr schnelles Abk\u00fchlen frisch eingelagerter Ware und eine gleichm\u00e4\u00dfige K\u00fchltemperatur im gesamten Innenraum. Kunststoff-Innenbeh\u00e4lter Der tiefgezogene Kunststoff-Innenbeh\u00e4lter wird aus einem St\u00fcck gefertigt und ist deshalb besonders reinigungsfreundlich. Der Innenbeh\u00e4lter besteht aus Polystyrol, ein vollst\u00e4ndig recyclebarer, stabiler und langlebiger Kunststoff, und ist somit aus umweltpolitischer Hinsicht unbedenklich. Variable Ablageroste Die Ablageroste sind h\u00f6henverstellbar und erlauben so eine variable Gestaltung des Innenraums. Dadurch k\u00f6nnen Flaschen in allen Gr\u00f6\u00dfen sowohl stehend als auch liegend eingelagert werden. Mit einer Belastbarkeit zwischen 30 und 50 kg sind die Ablagefl\u00e4chen sehr stabil und auch f\u00fcr gro\u00dfe Mengen geeignet. Effizientes K\u00e4ltesystem Aufgrund jahrzehntelanger Erfahrung im Bereich K\u00e4ltetechnik verbunden mit kontinuierlicher Forschung gew\u00e4hrleistet Liebherr die hervorragende Qualit\u00e4t des K\u00e4ltesystems. Die Verwendung hochwertiger Verdichter, Verfl\u00fcssiger, Verdampfer sowie weiterer k\u00e4ltetechnischer Komponenten sorgt sowohl zu einer deutlichen Senkung des Energieverbrauchs als auch zur Senkung der Betriebskosten der Liebherr-Ger\u00e4te. Umweltfreundliches K\u00e4ltemittel Die K\u00e4ltemittel R600a und R 290 sind umweltfreundlich, da sie einen sehr geringen Treibhauseffekt und kein Ozonabbaupotential aufweisen. Diese K\u00e4ltemittel haben deshalb die zuvor verwendete K\u00e4ltemittel R134a und R404a nahezu vollst\u00e4ndig abgel\u00f6st. Alle Liebherr Impuls- und Lagertruhen sind mit R600a oder R 290 ausgef\u00fchrt und zeichnen sich durch hervorragende Energieeffizienz aus, was Ihre CO2-Bilanz verbessert und nachhaltiges Handeln f\u00f6rdert. Ergonomischer Stangengriff Besonders bei Getr\u00e4nke-K\u00fchlger\u00e4ten, die in der Regel h\u00e4ufigen T\u00fcr\u00f6ffnungen ausgesetzt sind, ist ein einfaches \u00d6ffnen der Ger\u00e4te von entscheidender Bedeutung. Der ergonomische Stangengriff gew\u00e4hrleistet Stabilit\u00e4t auch bei h\u00e4ufigen T\u00fcr\u00f6ffnungen. Er ist besonders hygienisch und reinigungsfreundlich. Wechselbarer T\u00fcranschlag Die Ger\u00e4te sind werksseitig mit rechtem T\u00fcranschlag ausgestattet. Mit der M\u00f6glichkeit den T\u00fcranschlag zu wechseln, kann das Ger\u00e4t immer optimal im Aufstellungsbereich platziert und an individuelle Bed\u00fcrfnisse angepasst werden.<\/p>\n","protected":false},"excerpt":{"rendered":"<p>Liebherr FKDv 4213-21 Comfort Getr\u00e4nkek\u00fchlschrank mit Glast\u00fcr und LED \u00a0 Wirkungsstarke Warenpr\u00e4sentation Die energiesparende LED-Innenraumbeleuchtung sorgt f\u00fcr eine optimale Pr\u00e4sentation der eingelagerten Produkte. Umluftk\u00fchlung Hocheffiziente Ventilatoren sorgen f\u00fcr schnelles Abk\u00fchlen frisch eingelagerter Ware und eine gleichm\u00e4\u00dfige K\u00fchltemperatur im gesamten Innenraum. Kunststoff-Innenbeh\u00e4lter Der tiefgezogene Kunststoff-Innenbeh\u00e4lter wird aus einem St\u00fcck gefertigt und ist deshalb besonders reinigungsfreundlich. Der [&hellip;]<\/p>\n","protected":false},"featured_media":540,"template":"","meta":[],"product_brand":[37],"product_cat":[34],"product_tag":[],"class_list":{"0":"post-541","1":"product","2":"type-product","3":"status-publish","4":"has-post-thumbnail","6":"product_brand-liebherr","7":"product_cat-getraenkekuehlschraenke","9":"first","10":"instock","11":"shipping-taxable","12":"product-type-external"},"_links":{"self":[{"href":"https:\/\/www.horeca.gmbh\/index.php?rest_route=\/wp\/v2\/product\/541","targetHints":{"allow":["GET"]}}],"collection":[{"href":"https:\/\/www.horeca.gmbh\/index.php?rest_route=\/wp\/v2\/product"}],"about":[{"href":"https:\/\/www.horeca.gmbh\/index.php?rest_route=\/wp\/v2\/types\/product"}],"wp:featuredmedia":[{"embeddable":true,"href":"https:\/\/www.horeca.gmbh\/index.php?rest_route=\/wp\/v2\/media\/540"}],"wp:attachment":[{"href":"https:\/\/www.horeca.gmbh\/index.php?rest_route=%2Fwp%2Fv2%2Fmedia&parent=541"}],"wp:term":[{"taxonomy":"product_brand","embeddable":true,"href":"https:\/\/www.horeca.gmbh\/index.php?rest_route=%2Fwp%2Fv2%2Fproduct_brand&post=541"},{"taxonomy":"product_cat","embeddable":true,"href":"https:\/\/www.horeca.gmbh\/index.php?rest_route=%2Fwp%2Fv2%2Fproduct_cat&post=541"},{"taxonomy":"product_tag","embeddable":true,"href":"https:\/\/www.horeca.gmbh\/index.php?rest_route=%2Fwp%2Fv2%2Fproduct_tag&post=541"}],"curies":[{"name":"wp","href":"https:\/\/api.w.org\/{rel}","templated":true}]}}