{"id":497,"date":"2025-09-22T00:07:24","date_gmt":"2025-09-21T22:07:24","guid":{"rendered":"https:\/\/www.horeca.gmbh\/?product=liebherr-efi-4853-eiscreme-gefriertruhe-mit-glasschiebedeckel-und-lenkrollen"},"modified":"2025-09-22T00:07:25","modified_gmt":"2025-09-21T22:07:25","slug":"liebherr-efi-4853-eiscreme-gefriertruhe-mit-glasschiebedeckel-und-lenkrollen","status":"publish","type":"product","link":"https:\/\/www.horeca.gmbh\/?product=liebherr-efi-4853-eiscreme-gefriertruhe-mit-glasschiebedeckel-und-lenkrollen","title":{"rendered":"Liebherr EFI 4853 Eiscreme-Gefriertruhe mit Glasschiebedeckel und Lenkrollen"},"content":{"rendered":"<p>Liebherr EFI 4853-43 Eiscreme-Gefriertruhe mit Glasschiebedeckel und Lenkrollen Glasschiebedeckel Die Glasschiebedeckel erm\u00f6glichen einen klaren Blick auf die eingelagerten Produkte und sorgen so f\u00fcr eine wirkungsstarke und \u00fcberzeugende Pr\u00e4sentation der Waren. Sie bestehen aus geh\u00e4rtetem Einscheiben-Sicherheitsglas und sind daher besonders schlagfest. Geh\u00e4rtetes Einscheibensicherheitsglas Einscheiben-Sicherheitsglas besteht aus einer einzigen, speziell w\u00e4rmebehandelten und geh\u00e4rteten Scheibe, die eine erh\u00f6hte Sto\u00df- und Schlagfestigkeit besitzt und sich au\u00dferdem als unempfindlich gegen\u00fcber gro\u00dfen Temperaturunterschieden erweist. Einh\u00e4ngek\u00f6rbe Mit den Einh\u00e4ngek\u00f6rben l\u00e4sst sich die Ware \u00fcbersichtlich pr\u00e4sentieren und einfach sortieren. Die horizontale LED-Beleuchtung r\u00fcckt die Ware ins richtige Licht und sorgt f\u00fcr eine optimale Warenpr\u00e4sentation. Wirkungsstarke Warenpr\u00e4sentation Die energiesparende LED-Innenraumbeleuchtung sorgt f\u00fcr eine optimale Pr\u00e4sentation der eingelagerten Produkte. Effizientes K\u00e4ltesystem Aufgrund jahrzehntelanger Erfahrung im Bereich K\u00e4ltetechnik verbunden mit kontinuierlicher Forschung gew\u00e4hrleistet Liebherr die hervorragende Qualit\u00e4t des K\u00e4ltesystems. Die Verwendung hochwertiger Verdichter, Verfl\u00fcssiger, Verdampfer sowie weiterer k\u00e4ltetechnischer Komponenten sorgt sowohl zu einer deutlichen Senkung des Energieverbrauchs als auch zur Senkung der Betriebskosten der Liebherr-Ger\u00e4te. Umweltfreundliches K\u00e4ltemittel Die K\u00e4ltemittel R600a und R 290 sind umweltfreundlich, da sie einen sehr geringen Treibhauseffekt und kein Ozonabbaupotential aufweisen. Diese K\u00e4ltemittel haben deshalb die zuvor verwendete K\u00e4ltemittel R134a und R404a nahezu vollst\u00e4ndig abgel\u00f6st. Alle Liebherr Impuls- und Lagertruhen sind mit R600a oder R 290 ausgef\u00fchrt und zeichnen sich durch hervorragende Energieeffizienz aus, was Ihre CO2-Bilanz verbessert und nachhaltiges Handeln f\u00f6rdert.<\/p>\n","protected":false},"excerpt":{"rendered":"<p>Liebherr EFI 4853-43 Eiscreme-Gefriertruhe mit Glasschiebedeckel und Lenkrollen Glasschiebedeckel Die Glasschiebedeckel erm\u00f6glichen einen klaren Blick auf die eingelagerten Produkte und sorgen so f\u00fcr eine wirkungsstarke und \u00fcberzeugende Pr\u00e4sentation der Waren. Sie bestehen aus geh\u00e4rtetem Einscheiben-Sicherheitsglas und sind daher besonders schlagfest. Geh\u00e4rtetes Einscheibensicherheitsglas Einscheiben-Sicherheitsglas besteht aus einer einzigen, speziell w\u00e4rmebehandelten und geh\u00e4rteten Scheibe, die eine erh\u00f6hte [&hellip;]<\/p>\n","protected":false},"featured_media":496,"template":"","meta":[],"product_brand":[37],"product_cat":[43],"product_tag":[],"class_list":{"0":"post-497","1":"product","2":"type-product","3":"status-publish","4":"has-post-thumbnail","6":"product_brand-liebherr","7":"product_cat-impulstruhen","9":"first","10":"instock","11":"shipping-taxable","12":"product-type-external"},"_links":{"self":[{"href":"https:\/\/www.horeca.gmbh\/index.php?rest_route=\/wp\/v2\/product\/497","targetHints":{"allow":["GET"]}}],"collection":[{"href":"https:\/\/www.horeca.gmbh\/index.php?rest_route=\/wp\/v2\/product"}],"about":[{"href":"https:\/\/www.horeca.gmbh\/index.php?rest_route=\/wp\/v2\/types\/product"}],"wp:featuredmedia":[{"embeddable":true,"href":"https:\/\/www.horeca.gmbh\/index.php?rest_route=\/wp\/v2\/media\/496"}],"wp:attachment":[{"href":"https:\/\/www.horeca.gmbh\/index.php?rest_route=%2Fwp%2Fv2%2Fmedia&parent=497"}],"wp:term":[{"taxonomy":"product_brand","embeddable":true,"href":"https:\/\/www.horeca.gmbh\/index.php?rest_route=%2Fwp%2Fv2%2Fproduct_brand&post=497"},{"taxonomy":"product_cat","embeddable":true,"href":"https:\/\/www.horeca.gmbh\/index.php?rest_route=%2Fwp%2Fv2%2Fproduct_cat&post=497"},{"taxonomy":"product_tag","embeddable":true,"href":"https:\/\/www.horeca.gmbh\/index.php?rest_route=%2Fwp%2Fv2%2Fproduct_tag&post=497"}],"curies":[{"name":"wp","href":"https:\/\/api.w.org\/{rel}","templated":true}]}}