{"id":441,"date":"2025-09-22T00:07:12","date_gmt":"2025-09-21T22:07:12","guid":{"rendered":"https:\/\/www.horeca.gmbh\/?product=liebherr-efe-5100-eiscreme-gefriertruhe-mit-aluminium-schiebedeckel-und-lenkrollen"},"modified":"2025-09-22T00:07:12","modified_gmt":"2025-09-21T22:07:12","slug":"liebherr-efe-5100-eiscreme-gefriertruhe-mit-aluminium-schiebedeckel-und-lenkrollen","status":"publish","type":"product","link":"https:\/\/www.horeca.gmbh\/?product=liebherr-efe-5100-eiscreme-gefriertruhe-mit-aluminium-schiebedeckel-und-lenkrollen","title":{"rendered":"Liebherr EFE 5100 Eiscreme-Gefriertruhe mit Aluminium-Schiebedeckel und Lenkrollen"},"content":{"rendered":"<p>Liebherr EFE 5100-41 Eiscreme Gefriertruhe mit Aluminium-Schiebedeckel und Lenkrollen Effizientes K\u00e4ltesystem Aufgrund jahrzehntelanger Erfahrung im Bereich K\u00e4ltetechnik verbunden mit kontinuierlicher Forschung gew\u00e4hrleistet Liebherr die hervorragende Qualit\u00e4t des K\u00e4ltesystems. Die Verwendung hochwertiger Verdichter, Verfl\u00fcssiger, Verdampfer sowie weiterer k\u00e4ltetechnischer Komponenten sorgt sowohl zu einer deutlichen Senkung des Energieverbrauchs als auch zur Senkung der Betriebskosten der Liebherr-Ger\u00e4te. Umweltfreundliches K\u00e4ltemittel Die K\u00e4ltemittel R600a und R 290 sind umweltfreundlich, da sie einen sehr geringen Treibhauseffekt und kein Ozonabbaupotential aufweisen. Diese K\u00e4ltemittel haben deshalb die zuvor verwendete K\u00e4ltemittel R134a und R404a nahezu vollst\u00e4ndig abgel\u00f6st. Alle Liebherr Impuls- und Lagertruhen sind mit R600a oder R 290 ausgef\u00fchrt und zeichnen sich durch hervorragende Energieeffizienz aus, was Ihre CO2-Bilanz verbessert und nachhaltiges Handeln f\u00f6rdert. Geh\u00e4rtetes Einscheibensicherheitsglas Einscheiben-Sicherheitsglas besteht aus einer einzigen, speziell w\u00e4rmebehandelten und geh\u00e4rteten Scheibe, die eine erh\u00f6hte Sto\u00df- und Schlagfestigkeit besitzt und sich au\u00dferdem als unempfindlich gegen\u00fcber gro\u00dfen Temperaturunterschieden erweist.<\/p>\n","protected":false},"excerpt":{"rendered":"<p>Liebherr EFE 5100-41 Eiscreme Gefriertruhe mit Aluminium-Schiebedeckel und Lenkrollen Effizientes K\u00e4ltesystem Aufgrund jahrzehntelanger Erfahrung im Bereich K\u00e4ltetechnik verbunden mit kontinuierlicher Forschung gew\u00e4hrleistet Liebherr die hervorragende Qualit\u00e4t des K\u00e4ltesystems. Die Verwendung hochwertiger Verdichter, Verfl\u00fcssiger, Verdampfer sowie weiterer k\u00e4ltetechnischer Komponenten sorgt sowohl zu einer deutlichen Senkung des Energieverbrauchs als auch zur Senkung der Betriebskosten der Liebherr-Ger\u00e4te. Umweltfreundliches [&hellip;]<\/p>\n","protected":false},"featured_media":440,"template":"","meta":[],"product_brand":[37],"product_cat":[41],"product_tag":[],"class_list":{"0":"post-441","1":"product","2":"type-product","3":"status-publish","4":"has-post-thumbnail","6":"product_brand-liebherr","7":"product_cat-verkaufstruhen","9":"first","10":"instock","11":"shipping-taxable","12":"product-type-external"},"_links":{"self":[{"href":"https:\/\/www.horeca.gmbh\/index.php?rest_route=\/wp\/v2\/product\/441","targetHints":{"allow":["GET"]}}],"collection":[{"href":"https:\/\/www.horeca.gmbh\/index.php?rest_route=\/wp\/v2\/product"}],"about":[{"href":"https:\/\/www.horeca.gmbh\/index.php?rest_route=\/wp\/v2\/types\/product"}],"wp:featuredmedia":[{"embeddable":true,"href":"https:\/\/www.horeca.gmbh\/index.php?rest_route=\/wp\/v2\/media\/440"}],"wp:attachment":[{"href":"https:\/\/www.horeca.gmbh\/index.php?rest_route=%2Fwp%2Fv2%2Fmedia&parent=441"}],"wp:term":[{"taxonomy":"product_brand","embeddable":true,"href":"https:\/\/www.horeca.gmbh\/index.php?rest_route=%2Fwp%2Fv2%2Fproduct_brand&post=441"},{"taxonomy":"product_cat","embeddable":true,"href":"https:\/\/www.horeca.gmbh\/index.php?rest_route=%2Fwp%2Fv2%2Fproduct_cat&post=441"},{"taxonomy":"product_tag","embeddable":true,"href":"https:\/\/www.horeca.gmbh\/index.php?rest_route=%2Fwp%2Fv2%2Fproduct_tag&post=441"}],"curies":[{"name":"wp","href":"https:\/\/api.w.org\/{rel}","templated":true}]}}