{"id":356,"date":"2025-09-22T00:06:50","date_gmt":"2025-09-21T22:06:50","guid":{"rendered":"https:\/\/www.horeca.gmbh\/?product=liebherr-mrfec-4001-event-kuehlschrank-mit-umluftkuehlung"},"modified":"2025-09-22T00:06:50","modified_gmt":"2025-09-21T22:06:50","slug":"liebherr-mrfec-4001-event-kuehlschrank-mit-umluftkuehlung","status":"publish","type":"product","link":"https:\/\/www.horeca.gmbh\/?product=liebherr-mrfec-4001-event-kuehlschrank-mit-umluftkuehlung","title":{"rendered":"Liebherr MRFec 4001 Event K\u00fchlschrank mit Umluftk\u00fchlung"},"content":{"rendered":"<p>Liebherr MRFec 4001-20 Event K\u00fchlschrank mit Umluftk\u00fchlung \u00a0 Effizientes K\u00e4ltesystem Aufgrund jahrzehntelanger Erfahrung im Bereich K\u00e4ltetechnik verbunden mit kontinuierlicher Forschung gew\u00e4hrleistet Liebherr die hervorragende Qualit\u00e4t des K\u00e4ltesystems. Die Verwendung hochwertiger Verdichter, Verfl\u00fcssiger, Verdampfer sowie weiterer k\u00e4ltetechnischer Komponenten sorgt sowohl zu einer deutlichen Senkung des Energieverbrauchs als auch zur Senkung der Betriebskosten der Liebherr-Ger\u00e4te. Umweltfreundliches K\u00e4ltemittel Die K\u00e4ltemittel R600a und R 290 sind umweltfreundlich, da sie einen sehr geringen Treibhauseffekt und kein Ozonabbaupotential aufweisen. Diese K\u00e4ltemittel haben deshalb die zuvor verwendete K\u00e4ltemittel R134a und R404a nahezu vollst\u00e4ndig abgel\u00f6st. Alle Liebherr Impuls- und Lagertruhen sind mit R600a oder R 290 ausgef\u00fchrt und zeichnen sich durch hervorragende Energieeffizienz aus, was Ihre CO2-Bilanz verbessert und nachhaltiges Handeln f\u00f6rdert. Wechselbarer T\u00fcranschlag Die Ger\u00e4te sind werksseitig mit rechtem T\u00fcranschlag ausgestattet. Mit der M\u00f6glichkeit den T\u00fcranschlag zu wechseln, kann das Ger\u00e4t immer optimal im Aufstellungsbereich platziert und an individuelle Bed\u00fcrfnisse angepasst werden. Umluftk\u00fchlung Hocheffiziente Ventilatoren sorgen f\u00fcr schnelles Abk\u00fchlen frisch eingelagerter Ware und eine gleichm\u00e4\u00dfige K\u00fchltemperatur im gesamten Innenraum. Einfache und schnelle Reinigung Das macht Laune \u2013 auch nach der Party! Sie m\u00f6chten das Ger\u00e4t nach einem Event-Einsatz reinigen und wieder einlagern bis zur n\u00e4chsten Feier? Dank des wasserfesten Innenraums mit spritzwassergesch\u00fctzem Ventilator k\u00f6nnen Sie diesen bequem und schnell mit einem Schlauch reinigen und alle Seiten gut s\u00e4ubern. Anschlie\u00dfend den Innenraum mit einem Tuch trocknen und schon kann das Ger\u00e4t ins Lager.<\/p>\n","protected":false},"excerpt":{"rendered":"<p>Liebherr MRFec 4001-20 Event K\u00fchlschrank mit Umluftk\u00fchlung \u00a0 Effizientes K\u00e4ltesystem Aufgrund jahrzehntelanger Erfahrung im Bereich K\u00e4ltetechnik verbunden mit kontinuierlicher Forschung gew\u00e4hrleistet Liebherr die hervorragende Qualit\u00e4t des K\u00e4ltesystems. Die Verwendung hochwertiger Verdichter, Verfl\u00fcssiger, Verdampfer sowie weiterer k\u00e4ltetechnischer Komponenten sorgt sowohl zu einer deutlichen Senkung des Energieverbrauchs als auch zur Senkung der Betriebskosten der Liebherr-Ger\u00e4te. Umweltfreundliches K\u00e4ltemittel [&hellip;]<\/p>\n","protected":false},"featured_media":355,"template":"","meta":[],"product_brand":[37],"product_cat":[36],"product_tag":[],"class_list":{"0":"post-356","1":"product","2":"type-product","3":"status-publish","4":"has-post-thumbnail","6":"product_brand-liebherr","7":"product_cat-kuehlschraenke","9":"first","10":"instock","11":"shipping-taxable","12":"product-type-external"},"_links":{"self":[{"href":"https:\/\/www.horeca.gmbh\/index.php?rest_route=\/wp\/v2\/product\/356","targetHints":{"allow":["GET"]}}],"collection":[{"href":"https:\/\/www.horeca.gmbh\/index.php?rest_route=\/wp\/v2\/product"}],"about":[{"href":"https:\/\/www.horeca.gmbh\/index.php?rest_route=\/wp\/v2\/types\/product"}],"wp:featuredmedia":[{"embeddable":true,"href":"https:\/\/www.horeca.gmbh\/index.php?rest_route=\/wp\/v2\/media\/355"}],"wp:attachment":[{"href":"https:\/\/www.horeca.gmbh\/index.php?rest_route=%2Fwp%2Fv2%2Fmedia&parent=356"}],"wp:term":[{"taxonomy":"product_brand","embeddable":true,"href":"https:\/\/www.horeca.gmbh\/index.php?rest_route=%2Fwp%2Fv2%2Fproduct_brand&post=356"},{"taxonomy":"product_cat","embeddable":true,"href":"https:\/\/www.horeca.gmbh\/index.php?rest_route=%2Fwp%2Fv2%2Fproduct_cat&post=356"},{"taxonomy":"product_tag","embeddable":true,"href":"https:\/\/www.horeca.gmbh\/index.php?rest_route=%2Fwp%2Fv2%2Fproduct_tag&post=356"}],"curies":[{"name":"wp","href":"https:\/\/api.w.org\/{rel}","templated":true}]}}