{"id":33,"date":"2025-09-21T17:22:55","date_gmt":"2025-09-21T15:22:55","guid":{"rendered":"https:\/\/www.horeca.gmbh\/?post_type=product&#038;p=33"},"modified":"2025-09-21T17:23:00","modified_gmt":"2025-09-21T15:23:00","slug":"frucosol-oelfilter-sf5000","status":"publish","type":"product","link":"https:\/\/www.horeca.gmbh\/?product=frucosol-oelfilter-sf5000","title":{"rendered":"Frucosol \u00d6lfilter SF5000"},"content":{"rendered":"<p>Frucosol \u00d6lfilter SF5000 Frittier\u00f6lfiltermaschine Frucosol SF5000 Frittier\u00f6lfiltersystem entfernt Verunreinigungen und Mikropartikel und verl\u00e4ngert die Lebensdauer des Frittier\u00f6ls Kapazit\u00e4t 30 Liter Leistung 750W PRODUKTION 20 Liter \/ min VERBRAUCH 750 Watt KAPAZIT\u00c4T 30 Liter STROMSPANNUNG 230-110\/50-60Hz NETTOGEWICHT 30 kg ABMESSUNGEN (L X T X H) 610 x 380 x 390 mm<\/p>\n","protected":false},"excerpt":{"rendered":"<p>Frucosol \u00d6lfilter SF5000 Frittier\u00f6lfiltermaschine Frucosol SF5000 Frittier\u00f6lfiltersystem entfernt Verunreinigungen und Mikropartikel und verl\u00e4ngert die Lebensdauer des Frittier\u00f6ls Kapazit\u00e4t 30 Liter Leistung 750W PRODUKTION 20 Liter \/ min VERBRAUCH 750 Watt KAPAZIT\u00c4T 30 Liter STROMSPANNUNG 230-110\/50-60Hz NETTOGEWICHT 30 kg ABMESSUNGEN (L X T X H) 610 x 380 x 390 mm<\/p>\n","protected":false},"featured_media":102,"template":"","meta":[],"product_brand":[30],"product_cat":[26],"product_tag":[],"class_list":{"0":"post-33","1":"product","2":"type-product","3":"status-publish","4":"has-post-thumbnail","6":"product_brand-frucosol","7":"product_cat-fritteusen","9":"first","10":"instock","11":"sale","12":"shipping-taxable","13":"product-type-external"},"_links":{"self":[{"href":"https:\/\/www.horeca.gmbh\/index.php?rest_route=\/wp\/v2\/product\/33","targetHints":{"allow":["GET"]}}],"collection":[{"href":"https:\/\/www.horeca.gmbh\/index.php?rest_route=\/wp\/v2\/product"}],"about":[{"href":"https:\/\/www.horeca.gmbh\/index.php?rest_route=\/wp\/v2\/types\/product"}],"wp:featuredmedia":[{"embeddable":true,"href":"https:\/\/www.horeca.gmbh\/index.php?rest_route=\/wp\/v2\/media\/102"}],"wp:attachment":[{"href":"https:\/\/www.horeca.gmbh\/index.php?rest_route=%2Fwp%2Fv2%2Fmedia&parent=33"}],"wp:term":[{"taxonomy":"product_brand","embeddable":true,"href":"https:\/\/www.horeca.gmbh\/index.php?rest_route=%2Fwp%2Fv2%2Fproduct_brand&post=33"},{"taxonomy":"product_cat","embeddable":true,"href":"https:\/\/www.horeca.gmbh\/index.php?rest_route=%2Fwp%2Fv2%2Fproduct_cat&post=33"},{"taxonomy":"product_tag","embeddable":true,"href":"https:\/\/www.horeca.gmbh\/index.php?rest_route=%2Fwp%2Fv2%2Fproduct_tag&post=33"}],"curies":[{"name":"wp","href":"https:\/\/api.w.org\/{rel}","templated":true}]}}