{"id":32,"date":"2025-09-21T17:22:55","date_gmt":"2025-09-21T15:22:55","guid":{"rendered":"https:\/\/www.horeca.gmbh\/?post_type=product&#038;p=32"},"modified":"2025-09-21T17:23:00","modified_gmt":"2025-09-21T15:23:00","slug":"frucosol-freezer-automatische-fruchtsaftpresse","status":"publish","type":"product","link":"https:\/\/www.horeca.gmbh\/?product=frucosol-freezer-automatische-fruchtsaftpresse","title":{"rendered":"Frucosol Freezer Automatische Fruchtsaftpresse"},"content":{"rendered":"<p>mit automatischer Fruchtzuf\u00fchrung \u00fcber Lagerbeh\u00e4lter f\u00fcr bis zu 12 kg Citrusfr\u00fcchte Ideal f\u00fcr Hotels, Buffets, Caterings, Restaurants usw.Ausf\u00fchrung:\u2022 Geh\u00e4use aus Edelstahl\u2022 attraktives Design\u2022 leichte Bedienung\u2022 mit 7L transparenten Saftbeh\u00e4lter\u2022 eingebautes K\u00fchlungssystem\u2022 automatische Sicherheitsabschaltung\u2022 Gewicht: 113 kgTechnische Daten:\u2022 Anschlu\u00dfwert: 610 Watt &#8211; 230-110 Volt \/ 50-60 Hz\u2022 Leistung ca: 20-25 Citrusfr\u00fcchte pro Minute\u2022 K\u00fchltemperatur: 1 \u00b0C bis 7 \u00b0CMa\u00dfe:\u00a0B 58 x T 72 x H 179 cm Verpackungsma\u00dfe:\u00a0B 62 x 50 x 105<\/p>\n","protected":false},"excerpt":{"rendered":"<p>mit automatischer Fruchtzuf\u00fchrung \u00fcber Lagerbeh\u00e4lter f\u00fcr bis zu 12 kg Citrusfr\u00fcchte Ideal f\u00fcr Hotels, Buffets, Caterings, Restaurants usw.Ausf\u00fchrung:\u2022 Geh\u00e4use aus Edelstahl\u2022 attraktives Design\u2022 leichte Bedienung\u2022 mit 7L transparenten Saftbeh\u00e4lter\u2022 eingebautes K\u00fchlungssystem\u2022 automatische Sicherheitsabschaltung\u2022 Gewicht: 113 kgTechnische Daten:\u2022 Anschlu\u00dfwert: 610 Watt &#8211; 230-110 Volt \/ 50-60 Hz\u2022 Leistung ca: 20-25 Citrusfr\u00fcchte pro Minute\u2022 K\u00fchltemperatur: 1 \u00b0C [&hellip;]<\/p>\n","protected":false},"featured_media":96,"template":"","meta":[],"product_brand":[30],"product_cat":[24],"product_tag":[],"class_list":{"0":"post-32","1":"product","2":"type-product","3":"status-publish","4":"has-post-thumbnail","6":"product_brand-frucosol","7":"product_cat-saftpressen","9":"first","10":"instock","11":"sale","12":"shipping-taxable","13":"product-type-external"},"_links":{"self":[{"href":"https:\/\/www.horeca.gmbh\/index.php?rest_route=\/wp\/v2\/product\/32","targetHints":{"allow":["GET"]}}],"collection":[{"href":"https:\/\/www.horeca.gmbh\/index.php?rest_route=\/wp\/v2\/product"}],"about":[{"href":"https:\/\/www.horeca.gmbh\/index.php?rest_route=\/wp\/v2\/types\/product"}],"wp:featuredmedia":[{"embeddable":true,"href":"https:\/\/www.horeca.gmbh\/index.php?rest_route=\/wp\/v2\/media\/96"}],"wp:attachment":[{"href":"https:\/\/www.horeca.gmbh\/index.php?rest_route=%2Fwp%2Fv2%2Fmedia&parent=32"}],"wp:term":[{"taxonomy":"product_brand","embeddable":true,"href":"https:\/\/www.horeca.gmbh\/index.php?rest_route=%2Fwp%2Fv2%2Fproduct_brand&post=32"},{"taxonomy":"product_cat","embeddable":true,"href":"https:\/\/www.horeca.gmbh\/index.php?rest_route=%2Fwp%2Fv2%2Fproduct_cat&post=32"},{"taxonomy":"product_tag","embeddable":true,"href":"https:\/\/www.horeca.gmbh\/index.php?rest_route=%2Fwp%2Fv2%2Fproduct_tag&post=32"}],"curies":[{"name":"wp","href":"https:\/\/api.w.org\/{rel}","templated":true}]}}