{"id":31,"date":"2025-09-21T17:22:55","date_gmt":"2025-09-21T15:22:55","guid":{"rendered":"https:\/\/www.horeca.gmbh\/?post_type=product&#038;p=31"},"modified":"2025-09-21T17:23:00","modified_gmt":"2025-09-21T15:23:00","slug":"frucosol-self-service-automatische-fruchtsaftpresse","status":"publish","type":"product","link":"https:\/\/www.horeca.gmbh\/?product=frucosol-self-service-automatische-fruchtsaftpresse","title":{"rendered":"Frucosol Self-Service Automatische Fruchtsaftpresse"},"content":{"rendered":"<p>mit automatischer Fruchtzuf\u00fchrung \u00fcber Lagerbeh\u00e4lter f\u00fcr bis zu 12 kg Citrusfr\u00fcchteIdeal f\u00fcr Hotels, Buffets, Caterings, Superm\u00e4kte usw.Ausf\u00fchrung:\u2022 Geh\u00e4use aus Edelstahl\u2022 attraktives Design\u2022 leichte Bedienung\u2022 h\u00f6henverstellbare Glashalterung\u2022 maximaler Fruchtdurchmesser bis zu \u00d8 8 cm\u2022 automatische Sicherheitsabschaltung\u2022 Gewicht, netto: 95 kgTechnische Daten:\u2022 Anschlu\u00dfwert: 250 Watt &#8211; 230-110 Volt \/ 50-60 Hz\u2022 Leistung ca: 20-25 Citrusfr\u00fcchte pro MinuteMa\u00dfe:B 58 x T 75 x H 162 cmVerpackungsma\u00dfe:B 62 x T 50 x H 105 cm<\/p>\n","protected":false},"excerpt":{"rendered":"<p>mit automatischer Fruchtzuf\u00fchrung \u00fcber Lagerbeh\u00e4lter f\u00fcr bis zu 12 kg Citrusfr\u00fcchteIdeal f\u00fcr Hotels, Buffets, Caterings, Superm\u00e4kte usw.Ausf\u00fchrung:\u2022 Geh\u00e4use aus Edelstahl\u2022 attraktives Design\u2022 leichte Bedienung\u2022 h\u00f6henverstellbare Glashalterung\u2022 maximaler Fruchtdurchmesser bis zu \u00d8 8 cm\u2022 automatische Sicherheitsabschaltung\u2022 Gewicht, netto: 95 kgTechnische Daten:\u2022 Anschlu\u00dfwert: 250 Watt &#8211; 230-110 Volt \/ 50-60 Hz\u2022 Leistung ca: 20-25 Citrusfr\u00fcchte pro MinuteMa\u00dfe:B [&hellip;]<\/p>\n","protected":false},"featured_media":90,"template":"","meta":[],"product_brand":[30],"product_cat":[24],"product_tag":[],"class_list":{"0":"post-31","1":"product","2":"type-product","3":"status-publish","4":"has-post-thumbnail","6":"product_brand-frucosol","7":"product_cat-saftpressen","9":"first","10":"instock","11":"sale","12":"shipping-taxable","13":"product-type-external"},"_links":{"self":[{"href":"https:\/\/www.horeca.gmbh\/index.php?rest_route=\/wp\/v2\/product\/31","targetHints":{"allow":["GET"]}}],"collection":[{"href":"https:\/\/www.horeca.gmbh\/index.php?rest_route=\/wp\/v2\/product"}],"about":[{"href":"https:\/\/www.horeca.gmbh\/index.php?rest_route=\/wp\/v2\/types\/product"}],"wp:featuredmedia":[{"embeddable":true,"href":"https:\/\/www.horeca.gmbh\/index.php?rest_route=\/wp\/v2\/media\/90"}],"wp:attachment":[{"href":"https:\/\/www.horeca.gmbh\/index.php?rest_route=%2Fwp%2Fv2%2Fmedia&parent=31"}],"wp:term":[{"taxonomy":"product_brand","embeddable":true,"href":"https:\/\/www.horeca.gmbh\/index.php?rest_route=%2Fwp%2Fv2%2Fproduct_brand&post=31"},{"taxonomy":"product_cat","embeddable":true,"href":"https:\/\/www.horeca.gmbh\/index.php?rest_route=%2Fwp%2Fv2%2Fproduct_cat&post=31"},{"taxonomy":"product_tag","embeddable":true,"href":"https:\/\/www.horeca.gmbh\/index.php?rest_route=%2Fwp%2Fv2%2Fproduct_tag&post=31"}],"curies":[{"name":"wp","href":"https:\/\/api.w.org\/{rel}","templated":true}]}}