{"id":29,"date":"2025-09-21T17:22:55","date_gmt":"2025-09-21T15:22:55","guid":{"rendered":"https:\/\/www.horeca.gmbh\/?post_type=product&#038;p=29"},"modified":"2025-09-21T17:22:59","modified_gmt":"2025-09-21T15:22:59","slug":"frucosol-f-50-a-automatische-fruchtsaftpresse-mit-12-kg-behaelter","status":"publish","type":"product","link":"https:\/\/www.horeca.gmbh\/?product=frucosol-f-50-a-automatische-fruchtsaftpresse-mit-12-kg-behaelter","title":{"rendered":"Frucosol F-50 A Automatische Fruchtsaftpresse mit 12 kg Beh\u00e4lter"},"content":{"rendered":"<p>mit automatischer Fruchtzuf\u00fchrung \u00fcber Lagerbeh\u00e4lter f\u00fcr bis zu 12 kg Citrusfr\u00fcchteIdeal f\u00fcr B\u00e4ckereien, Caf\u00e9s, Superm\u00e4rkte, Hotels usw.Ausf\u00fchrung:\u2022 Geh\u00e4use aus Edelstahl\u2022 einfache Bedienung\u2022 Fruchtschale wird nicht mitgedruckt, deshalb kein bitteres Geschmack\u2022 beidseitige \u00d6ffnungsm\u00f6glichkeit (kunden- und bedienseitig)\u2022 maximaler Fruchtdurchmesser bis zu \u00d8 8 cm\u2022 automatische SicherheitsabschaltungTechnische Daten:\u2022 Anschlu\u00dfwert: 250 Watt &#8211; 230-110 Volt \/ 50-60 Hz\u2022 Leistung ca: 20-25 Citrusfr\u00fcchte pro Minute\u2022 Gewicht: 44 kgMa\u00dfe:B 47 x T 59 x H 78 cmVerpackungsma\u00dfe:B 50 x T 56 x H 84 cm<\/p>\n","protected":false},"excerpt":{"rendered":"<p>mit automatischer Fruchtzuf\u00fchrung \u00fcber Lagerbeh\u00e4lter f\u00fcr bis zu 12 kg Citrusfr\u00fcchteIdeal f\u00fcr B\u00e4ckereien, Caf\u00e9s, Superm\u00e4rkte, Hotels usw.Ausf\u00fchrung:\u2022 Geh\u00e4use aus Edelstahl\u2022 einfache Bedienung\u2022 Fruchtschale wird nicht mitgedruckt, deshalb kein bitteres Geschmack\u2022 beidseitige \u00d6ffnungsm\u00f6glichkeit (kunden- und bedienseitig)\u2022 maximaler Fruchtdurchmesser bis zu \u00d8 8 cm\u2022 automatische SicherheitsabschaltungTechnische Daten:\u2022 Anschlu\u00dfwert: 250 Watt &#8211; 230-110 Volt \/ 50-60 Hz\u2022 Leistung [&hellip;]<\/p>\n","protected":false},"featured_media":79,"template":"","meta":[],"product_brand":[30],"product_cat":[24],"product_tag":[],"class_list":{"0":"post-29","1":"product","2":"type-product","3":"status-publish","4":"has-post-thumbnail","6":"product_brand-frucosol","7":"product_cat-saftpressen","9":"first","10":"instock","11":"sale","12":"shipping-taxable","13":"product-type-external"},"_links":{"self":[{"href":"https:\/\/www.horeca.gmbh\/index.php?rest_route=\/wp\/v2\/product\/29","targetHints":{"allow":["GET"]}}],"collection":[{"href":"https:\/\/www.horeca.gmbh\/index.php?rest_route=\/wp\/v2\/product"}],"about":[{"href":"https:\/\/www.horeca.gmbh\/index.php?rest_route=\/wp\/v2\/types\/product"}],"wp:featuredmedia":[{"embeddable":true,"href":"https:\/\/www.horeca.gmbh\/index.php?rest_route=\/wp\/v2\/media\/79"}],"wp:attachment":[{"href":"https:\/\/www.horeca.gmbh\/index.php?rest_route=%2Fwp%2Fv2%2Fmedia&parent=29"}],"wp:term":[{"taxonomy":"product_brand","embeddable":true,"href":"https:\/\/www.horeca.gmbh\/index.php?rest_route=%2Fwp%2Fv2%2Fproduct_brand&post=29"},{"taxonomy":"product_cat","embeddable":true,"href":"https:\/\/www.horeca.gmbh\/index.php?rest_route=%2Fwp%2Fv2%2Fproduct_cat&post=29"},{"taxonomy":"product_tag","embeddable":true,"href":"https:\/\/www.horeca.gmbh\/index.php?rest_route=%2Fwp%2Fv2%2Fproduct_tag&post=29"}],"curies":[{"name":"wp","href":"https:\/\/api.w.org\/{rel}","templated":true}]}}