{"id":254,"date":"2025-09-22T00:06:30","date_gmt":"2025-09-21T22:06:30","guid":{"rendered":"https:\/\/www.horeca.gmbh\/?product=liebherr-fv-913-premium-gefrierschrank-mit-umluftkuehlung-und-glastuer"},"modified":"2025-09-22T00:06:32","modified_gmt":"2025-09-21T22:06:32","slug":"liebherr-fv-913-premium-gefrierschrank-mit-umluftkuehlung-und-glastuer","status":"publish","type":"product","link":"https:\/\/www.horeca.gmbh\/?product=liebherr-fv-913-premium-gefrierschrank-mit-umluftkuehlung-und-glastuer","title":{"rendered":"Liebherr Fv 913 Premium Gefrierschrank mit Umluftk\u00fchlung und Glast\u00fcr"},"content":{"rendered":"<p>Liebherr Fv 913-41 Premium Gefrierschrank mit Umluftk\u00fchlung und Glast\u00fcr Digitale Temperaturanzeige Die digitale Temperaturanzeige zeigt gradgenau die Innentemperatur des K\u00fchlger\u00e4ts an. Somit k\u00f6nnen sich Betreiber und Nutzer schnell einen \u00dcberblick \u00fcber die Ger\u00e4tetemperatur verschaffen. Wirkungsstarke Warenpr\u00e4sentation Die energiesparende LED-Innenraumbeleuchtung sorgt f\u00fcr eine optimale Pr\u00e4sentation der eingelagerten Produkte. H\u00f6henverstellbare F\u00fc\u00dfe Wo die t\u00e4gliche Raumhygiene eine wichtige Rolle spielt, bieten die h\u00f6henverstellbaren Stellf\u00fc\u00dfe ausreichend Bodenfreiheit und gew\u00e4hrleisten, dass die Reinigung auch unter dem Ger\u00e4t leicht und bequem erfolgen kann. Wechselbarer T\u00fcranschlag Die Ger\u00e4te sind werksseitig mit rechtem T\u00fcranschlag ausgestattet. Mit der M\u00f6glichkeit den T\u00fcranschlag zu wechseln, kann das Ger\u00e4t immer optimal im Aufstellungsbereich platziert und an individuelle Bed\u00fcrfnisse angepasst werden. NoFrost-Technologie Nie mehr Abtauen: F\u00fcr die sichere Langzeitfrische bieten die NoFrost-Ger\u00e4te von Liebherr K\u00e4lteleistung in Profiqualit\u00e4t. Das Gefriergut wird mit gek\u00fchlter Umluft eingefroren und die Luftfeuchtigkeit abgeleitet. Dadurch bleibt der Gefrierraum stets eisfrei und die Lebensmittel k\u00f6nnen nicht mehr bereifen. Temperatur-Alarm Der integrierte Temperatur-Alarm signalisiert im Falle einer \u00dcber- bzw. Unterschreitung der Alarmgrenzen. Dieser Alarm ist sowohl mit akustischer als auch optischer Signalisierung ausgestattet und sorgt so f\u00fcr maximale Sicherheit der eingelagerten Waren. Effizientes K\u00e4ltesystem Aufgrund jahrzehntelanger Erfahrung im Bereich K\u00e4ltetechnik verbunden mit kontinuierlicher Forschung gew\u00e4hrleistet Liebherr die hervorragende Qualit\u00e4t des K\u00e4ltesystems. Die Verwendung hochwertiger Verdichter, Verfl\u00fcssiger, Verdampfer sowie weiterer k\u00e4ltetechnischer Komponenten sorgt sowohl zu einer deutlichen Senkung des Energieverbrauchs als auch zur Senkung der Betriebskosten der Liebherr-Ger\u00e4te. Umweltfreundliches K\u00e4ltemittel Die K\u00e4ltemittel R600a und R 290 sind umweltfreundlich, da sie einen sehr geringen Treibhauseffekt und kein Ozonabbaupotential aufweisen. Diese K\u00e4ltemittel haben deshalb die zuvor verwendete K\u00e4ltemittel R134a und R404a nahezu vollst\u00e4ndig abgel\u00f6st. Alle Liebherr Impuls- und Lagertruhen sind mit R600a oder R 290 ausgef\u00fchrt und zeichnen sich durch hervorragende Energieeffizienz aus, was Ihre CO2-Bilanz verbessert und nachhaltiges Handeln f\u00f6rdert.<\/p>\n","protected":false},"excerpt":{"rendered":"<p>Liebherr Fv 913-41 Premium Gefrierschrank mit Umluftk\u00fchlung und Glast\u00fcr Digitale Temperaturanzeige Die digitale Temperaturanzeige zeigt gradgenau die Innentemperatur des K\u00fchlger\u00e4ts an. Somit k\u00f6nnen sich Betreiber und Nutzer schnell einen \u00dcberblick \u00fcber die Ger\u00e4tetemperatur verschaffen. Wirkungsstarke Warenpr\u00e4sentation Die energiesparende LED-Innenraumbeleuchtung sorgt f\u00fcr eine optimale Pr\u00e4sentation der eingelagerten Produkte. H\u00f6henverstellbare F\u00fc\u00dfe Wo die t\u00e4gliche Raumhygiene eine wichtige [&hellip;]<\/p>\n","protected":false},"featured_media":253,"template":"","meta":[],"product_brand":[37],"product_cat":[35],"product_tag":[],"class_list":{"0":"post-254","1":"product","2":"type-product","3":"status-publish","4":"has-post-thumbnail","6":"product_brand-liebherr","7":"product_cat-tiefkuehlschraenke","9":"first","10":"instock","11":"shipping-taxable","12":"product-type-external"},"_links":{"self":[{"href":"https:\/\/www.horeca.gmbh\/index.php?rest_route=\/wp\/v2\/product\/254","targetHints":{"allow":["GET"]}}],"collection":[{"href":"https:\/\/www.horeca.gmbh\/index.php?rest_route=\/wp\/v2\/product"}],"about":[{"href":"https:\/\/www.horeca.gmbh\/index.php?rest_route=\/wp\/v2\/types\/product"}],"wp:featuredmedia":[{"embeddable":true,"href":"https:\/\/www.horeca.gmbh\/index.php?rest_route=\/wp\/v2\/media\/253"}],"wp:attachment":[{"href":"https:\/\/www.horeca.gmbh\/index.php?rest_route=%2Fwp%2Fv2%2Fmedia&parent=254"}],"wp:term":[{"taxonomy":"product_brand","embeddable":true,"href":"https:\/\/www.horeca.gmbh\/index.php?rest_route=%2Fwp%2Fv2%2Fproduct_brand&post=254"},{"taxonomy":"product_cat","embeddable":true,"href":"https:\/\/www.horeca.gmbh\/index.php?rest_route=%2Fwp%2Fv2%2Fproduct_cat&post=254"},{"taxonomy":"product_tag","embeddable":true,"href":"https:\/\/www.horeca.gmbh\/index.php?rest_route=%2Fwp%2Fv2%2Fproduct_tag&post=254"}],"curies":[{"name":"wp","href":"https:\/\/api.w.org\/{rel}","templated":true}]}}