{"id":24,"date":"2025-09-21T17:22:55","date_gmt":"2025-09-21T15:22:55","guid":{"rendered":"https:\/\/www.horeca.gmbh\/?post_type=product&#038;p=24"},"modified":"2025-09-21T17:22:57","modified_gmt":"2025-09-21T15:22:57","slug":"frucosol-sh3000-besteckpoliermaschine","status":"publish","type":"product","link":"https:\/\/www.horeca.gmbh\/?product=frucosol-sh3000-besteckpoliermaschine","title":{"rendered":"Frucosol SH3000 Besteckpoliermaschine"},"content":{"rendered":"<p>\u2022 gl\u00e4nzende Politur, Entfernung vom Kalkflecken\u2022 nach der Reinigung in der Geschirrsp\u00fclmaschine werden die Besteckteile einfach in die Poliermaschine gelegt. Diese poliert und trocknet die Besteckteile.\u2022 Die Besteckteile und das Granulat laufen durch das keimt\u00f6tende, sterilisierende UV-Licht, gem\u00e4\u00df CE 93\/43\/EWG Hygienerichtlinie.\u2022 Aufgrund der geringen Abmessungen ist die Maschine an vielen Orten direkt einsetzbar.\u2022 Gewicht: 48 kgMa\u00dfe:\u00a0B 57 x T 55 x H 40 cmVerpackungsma\u00dfe:\u00a0B 62 x T 59 x H 45 cmTechnische Daten:\u2022 elektr. Leistungsaufnahme: 750 Watt\u2022 Anschluss: 230-110 V \/ 50-60 Hz\u2022 Leistung: 3000 Besteckteile\/Stunde<\/p>\n","protected":false},"excerpt":{"rendered":"<p>\u2022 gl\u00e4nzende Politur, Entfernung vom Kalkflecken\u2022 nach der Reinigung in der Geschirrsp\u00fclmaschine werden die Besteckteile einfach in die Poliermaschine gelegt. Diese poliert und trocknet die Besteckteile.\u2022 Die Besteckteile und das Granulat laufen durch das keimt\u00f6tende, sterilisierende UV-Licht, gem\u00e4\u00df CE 93\/43\/EWG Hygienerichtlinie.\u2022 Aufgrund der geringen Abmessungen ist die Maschine an vielen Orten direkt einsetzbar.\u2022 Gewicht: 48 [&hellip;]<\/p>\n","protected":false},"featured_media":55,"template":"","meta":[],"product_brand":[30],"product_cat":[22],"product_tag":[],"class_list":{"0":"post-24","1":"product","2":"type-product","3":"status-publish","4":"has-post-thumbnail","6":"product_brand-frucosol","7":"product_cat-besteckpoliermaschinen","9":"first","10":"instock","11":"sale","12":"shipping-taxable","13":"product-type-external"},"_links":{"self":[{"href":"https:\/\/www.horeca.gmbh\/index.php?rest_route=\/wp\/v2\/product\/24","targetHints":{"allow":["GET"]}}],"collection":[{"href":"https:\/\/www.horeca.gmbh\/index.php?rest_route=\/wp\/v2\/product"}],"about":[{"href":"https:\/\/www.horeca.gmbh\/index.php?rest_route=\/wp\/v2\/types\/product"}],"wp:featuredmedia":[{"embeddable":true,"href":"https:\/\/www.horeca.gmbh\/index.php?rest_route=\/wp\/v2\/media\/55"}],"wp:attachment":[{"href":"https:\/\/www.horeca.gmbh\/index.php?rest_route=%2Fwp%2Fv2%2Fmedia&parent=24"}],"wp:term":[{"taxonomy":"product_brand","embeddable":true,"href":"https:\/\/www.horeca.gmbh\/index.php?rest_route=%2Fwp%2Fv2%2Fproduct_brand&post=24"},{"taxonomy":"product_cat","embeddable":true,"href":"https:\/\/www.horeca.gmbh\/index.php?rest_route=%2Fwp%2Fv2%2Fproduct_cat&post=24"},{"taxonomy":"product_tag","embeddable":true,"href":"https:\/\/www.horeca.gmbh\/index.php?rest_route=%2Fwp%2Fv2%2Fproduct_tag&post=24"}],"curies":[{"name":"wp","href":"https:\/\/api.w.org\/{rel}","templated":true}]}}