{"id":23,"date":"2025-09-21T17:22:54","date_gmt":"2025-09-21T15:22:54","guid":{"rendered":"https:\/\/www.horeca.gmbh\/?post_type=product&#038;p=23"},"modified":"2025-09-21T17:22:56","modified_gmt":"2025-09-21T15:22:56","slug":"frucosol-sv-2000-glaeserpoliermaschine","status":"publish","type":"product","link":"https:\/\/www.horeca.gmbh\/?product=frucosol-sv-2000-glaeserpoliermaschine","title":{"rendered":"Frucosol SV-2000 Gl\u00e4serpoliermaschine"},"content":{"rendered":"<p>Die Walzen aus flexiblen und absorbierenden Naturfasern passen sich perfekt an die verschiedenen Arten von Gl\u00e4sern und Bechern an, was die Arbeit erleichtert und die Zeit f\u00fcr das Trocknen verringert Profi PolierungF\u00fcr alle Arten von Gl\u00e4sern und BechernTrocknung mit Warmluft Produktivit\u00e4t: 400-500\u00a0Gl\u00e4ser\/ StundeLeistung: 2140\u00a0WTrockner: mit WarmluftElektrischen Anschluss: 220 V\/ 50-60 HzNetto Gewicht: 26 kgMa\u00dfe:\u00a0590x320x490 mm<\/p>\n","protected":false},"excerpt":{"rendered":"<p>Die Walzen aus flexiblen und absorbierenden Naturfasern passen sich perfekt an die verschiedenen Arten von Gl\u00e4sern und Bechern an, was die Arbeit erleichtert und die Zeit f\u00fcr das Trocknen verringert Profi PolierungF\u00fcr alle Arten von Gl\u00e4sern und BechernTrocknung mit Warmluft Produktivit\u00e4t: 400-500\u00a0Gl\u00e4ser\/ StundeLeistung: 2140\u00a0WTrockner: mit WarmluftElektrischen Anschluss: 220 V\/ 50-60 HzNetto Gewicht: 26 kgMa\u00dfe:\u00a0590x320x490 mm<\/p>\n","protected":false},"featured_media":50,"template":"","meta":[],"product_brand":[30],"product_cat":[21],"product_tag":[],"class_list":{"0":"post-23","1":"product","2":"type-product","3":"status-publish","4":"has-post-thumbnail","6":"product_brand-frucosol","7":"product_cat-glaeserpoliermaschinen","9":"first","10":"instock","11":"sale","12":"shipping-taxable","13":"product-type-external"},"_links":{"self":[{"href":"https:\/\/www.horeca.gmbh\/index.php?rest_route=\/wp\/v2\/product\/23","targetHints":{"allow":["GET"]}}],"collection":[{"href":"https:\/\/www.horeca.gmbh\/index.php?rest_route=\/wp\/v2\/product"}],"about":[{"href":"https:\/\/www.horeca.gmbh\/index.php?rest_route=\/wp\/v2\/types\/product"}],"wp:featuredmedia":[{"embeddable":true,"href":"https:\/\/www.horeca.gmbh\/index.php?rest_route=\/wp\/v2\/media\/50"}],"wp:attachment":[{"href":"https:\/\/www.horeca.gmbh\/index.php?rest_route=%2Fwp%2Fv2%2Fmedia&parent=23"}],"wp:term":[{"taxonomy":"product_brand","embeddable":true,"href":"https:\/\/www.horeca.gmbh\/index.php?rest_route=%2Fwp%2Fv2%2Fproduct_brand&post=23"},{"taxonomy":"product_cat","embeddable":true,"href":"https:\/\/www.horeca.gmbh\/index.php?rest_route=%2Fwp%2Fv2%2Fproduct_cat&post=23"},{"taxonomy":"product_tag","embeddable":true,"href":"https:\/\/www.horeca.gmbh\/index.php?rest_route=%2Fwp%2Fv2%2Fproduct_tag&post=23"}],"curies":[{"name":"wp","href":"https:\/\/api.w.org\/{rel}","templated":true}]}}