{"id":22,"date":"2025-09-21T17:22:54","date_gmt":"2025-09-21T15:22:54","guid":{"rendered":"https:\/\/www.horeca.gmbh\/?post_type=product&#038;p=22"},"modified":"2025-09-21T17:22:56","modified_gmt":"2025-09-21T15:22:56","slug":"frucosol-sv-1000-glaeserpoliermaschine","status":"publish","type":"product","link":"https:\/\/www.horeca.gmbh\/?product=frucosol-sv-1000-glaeserpoliermaschine","title":{"rendered":"Frucosol SV-1000 Gl\u00e4serpoliermaschine"},"content":{"rendered":"<p>Ideal f\u00fcr verschiedene Arbeitsbereiche: aufgrund ihrer Abmessungen, kann die SV-1000 in die Sp\u00fcle gestellt werden, auf die Theke, auf ein Regal ..Ausf\u00fchrung:Warmluft\u2022 polierte und trockene Gl\u00e4ser in wenigen Sekunden durch heisse Luft und Polierb\u00fcrsten mit flexiblen und absorbierenden Fasern\u2022 durch den flexiblen B\u00fcrsten ist die Maschine f\u00fcr die meisten Gl\u00e4sergr\u00f6ssen geeignet\u2022 Gewicht: 16 KgMa\u00dfe:\u2022 B 34 x T 30,5 x H 52 cmVerpackungsma\u00dfe:\u2022 B 41 x T 40 x H 56 cmTechnische Daten:\u2022 Leistung: abh\u00e4ngig von der Glasgr\u00f6sse zwischen 240 &#8211; 360 Gl\u00e4ser\/Stunde\u00a0\u2022 Anschlusswert: 1100W, 230-110 Volt &#8211; 50\/60 Hz<\/p>\n","protected":false},"excerpt":{"rendered":"<p>Ideal f\u00fcr verschiedene Arbeitsbereiche: aufgrund ihrer Abmessungen, kann die SV-1000 in die Sp\u00fcle gestellt werden, auf die Theke, auf ein Regal ..Ausf\u00fchrung:Warmluft\u2022 polierte und trockene Gl\u00e4ser in wenigen Sekunden durch heisse Luft und Polierb\u00fcrsten mit flexiblen und absorbierenden Fasern\u2022 durch den flexiblen B\u00fcrsten ist die Maschine f\u00fcr die meisten Gl\u00e4sergr\u00f6ssen geeignet\u2022 Gewicht: 16 KgMa\u00dfe:\u2022 B [&hellip;]<\/p>\n","protected":false},"featured_media":45,"template":"","meta":[],"product_brand":[30],"product_cat":[21],"product_tag":[],"class_list":{"0":"post-22","1":"product","2":"type-product","3":"status-publish","4":"has-post-thumbnail","6":"product_brand-frucosol","7":"product_cat-glaeserpoliermaschinen","9":"first","10":"instock","11":"sale","12":"shipping-taxable","13":"product-type-external"},"_links":{"self":[{"href":"https:\/\/www.horeca.gmbh\/index.php?rest_route=\/wp\/v2\/product\/22","targetHints":{"allow":["GET"]}}],"collection":[{"href":"https:\/\/www.horeca.gmbh\/index.php?rest_route=\/wp\/v2\/product"}],"about":[{"href":"https:\/\/www.horeca.gmbh\/index.php?rest_route=\/wp\/v2\/types\/product"}],"wp:featuredmedia":[{"embeddable":true,"href":"https:\/\/www.horeca.gmbh\/index.php?rest_route=\/wp\/v2\/media\/45"}],"wp:attachment":[{"href":"https:\/\/www.horeca.gmbh\/index.php?rest_route=%2Fwp%2Fv2%2Fmedia&parent=22"}],"wp:term":[{"taxonomy":"product_brand","embeddable":true,"href":"https:\/\/www.horeca.gmbh\/index.php?rest_route=%2Fwp%2Fv2%2Fproduct_brand&post=22"},{"taxonomy":"product_cat","embeddable":true,"href":"https:\/\/www.horeca.gmbh\/index.php?rest_route=%2Fwp%2Fv2%2Fproduct_cat&post=22"},{"taxonomy":"product_tag","embeddable":true,"href":"https:\/\/www.horeca.gmbh\/index.php?rest_route=%2Fwp%2Fv2%2Fproduct_tag&post=22"}],"curies":[{"name":"wp","href":"https:\/\/api.w.org\/{rel}","templated":true}]}}