{"id":20,"date":"2025-09-21T17:22:54","date_gmt":"2025-09-21T15:22:54","guid":{"rendered":"https:\/\/www.horeca.gmbh\/?post_type=product&#038;p=20"},"modified":"2025-09-21T17:22:55","modified_gmt":"2025-09-21T15:22:55","slug":"frucosol-glaskuehler-gf1000","status":"publish","type":"product","link":"https:\/\/www.horeca.gmbh\/?product=frucosol-glaskuehler-gf1000","title":{"rendered":"Frucosol Glask\u00fchler GF1000"},"content":{"rendered":"<p>Mit dem GF 1000 Glask\u00fchler k\u00f6nnen Sie jede Art von Becher oder Glas sofort k\u00fchlen. &#8211; f\u00fcr besseren Geschmack von Getr\u00e4nken (statt schmelzender Eisw\u00fcrfel)- sofortige K\u00fchlung- f\u00fcr alle Gl\u00e4ser und Tassen geeignet- \u00fcberall einsetzbar, geringer Platzbedarf- Raumtemperatur unter 30 Grad Celsius- LED Batterie AA (1,5V) x 2- attraktives Design Abmessungen 130 x 270 x 410 mm \u00a0<\/p>\n","protected":false},"excerpt":{"rendered":"<p>Mit dem GF 1000 Glask\u00fchler k\u00f6nnen Sie jede Art von Becher oder Glas sofort k\u00fchlen. &#8211; f\u00fcr besseren Geschmack von Getr\u00e4nken (statt schmelzender Eisw\u00fcrfel)- sofortige K\u00fchlung- f\u00fcr alle Gl\u00e4ser und Tassen geeignet- \u00fcberall einsetzbar, geringer Platzbedarf- Raumtemperatur unter 30 Grad Celsius- LED Batterie AA (1,5V) x 2- attraktives Design Abmessungen 130 x 270 x 410 [&hellip;]<\/p>\n","protected":false},"featured_media":38,"template":"","meta":[],"product_brand":[30],"product_cat":[19],"product_tag":[],"class_list":{"0":"post-20","1":"product","2":"type-product","3":"status-publish","4":"has-post-thumbnail","6":"product_brand-frucosol","7":"product_cat-glasfroster","9":"first","10":"instock","11":"sale","12":"shipping-taxable","13":"product-type-external"},"_links":{"self":[{"href":"https:\/\/www.horeca.gmbh\/index.php?rest_route=\/wp\/v2\/product\/20","targetHints":{"allow":["GET"]}}],"collection":[{"href":"https:\/\/www.horeca.gmbh\/index.php?rest_route=\/wp\/v2\/product"}],"about":[{"href":"https:\/\/www.horeca.gmbh\/index.php?rest_route=\/wp\/v2\/types\/product"}],"wp:featuredmedia":[{"embeddable":true,"href":"https:\/\/www.horeca.gmbh\/index.php?rest_route=\/wp\/v2\/media\/38"}],"wp:attachment":[{"href":"https:\/\/www.horeca.gmbh\/index.php?rest_route=%2Fwp%2Fv2%2Fmedia&parent=20"}],"wp:term":[{"taxonomy":"product_brand","embeddable":true,"href":"https:\/\/www.horeca.gmbh\/index.php?rest_route=%2Fwp%2Fv2%2Fproduct_brand&post=20"},{"taxonomy":"product_cat","embeddable":true,"href":"https:\/\/www.horeca.gmbh\/index.php?rest_route=%2Fwp%2Fv2%2Fproduct_cat&post=20"},{"taxonomy":"product_tag","embeddable":true,"href":"https:\/\/www.horeca.gmbh\/index.php?rest_route=%2Fwp%2Fv2%2Fproduct_tag&post=20"}],"curies":[{"name":"wp","href":"https:\/\/api.w.org\/{rel}","templated":true}]}}